{"id":22812,"date":"2025-12-08T17:28:02","date_gmt":"2025-12-08T17:28:02","guid":{"rendered":"https:\/\/lamegohotel.pt\/vouchers-pt-2\/"},"modified":"2025-12-12T03:26:46","modified_gmt":"2025-12-12T03:26:46","slug":"vouchers-pt-2","status":"publish","type":"page","link":"https:\/\/lamegohotel.pt\/pt-pt\/vouchers-pt-2\/","title":{"rendered":"Vouchers-PT"},"content":{"rendered":"\t\t<div data-elementor-type=\"wp-page\" data-elementor-id=\"22812\" class=\"elementor elementor-22812 elementor-22720\" data-elementor-post-type=\"page\">\n\t\t\t\t        <section class=\"elementor-section elementor-top-section elementor-element elementor-element-152c843 elementor-section-boxed elementor-section-height-default elementor-section-height-default pxl-section-static-pos-no pxl-section-overflow-hidden-no pxl-container-margin-auto-no\" data-id=\"152c843\" data-element_type=\"section\">\n\n                \n                <div class=\"elementor-container elementor-column-gap-default \">\n                <div class=\"elementor-column elementor-col-100 elementor-top-column elementor-element elementor-element-81cb56b col-offset-none pxl-column-element-default pxl-column-overflow-hidden-no\" data-id=\"81cb56b\" data-element_type=\"column\">\r\n        <div class=\"elementor-widget-wrap elementor-element-populated\">\r\n                    \t\t<div class=\"elementor-element elementor-element-c8db736 elementor-invisible pxl-elementor-animate elementor-widget elementor-widget-pxl_text_editor\" data-id=\"c8db736\" data-element_type=\"widget\" data-settings=\"{&quot;_animation&quot;:&quot;fadeInUp&quot;}\" data-widget_type=\"pxl_text_editor.default\">\n\t\t\t\t<div class=\"elementor-widget-container\">\n\t\t\t\t\t<div id=\"pxl_text_editor-c8db736-2876\" class=\"pxl-text-editor-wrap d-flex \" >\n\t<div class=\"pxl-text-editor elementor-clearfix\">\n\t\t<h3>Vouchers oferta \u2013 A forma mais especial de oferecer mem\u00f3rias intemporais<\/h3>\t\t\n\t<\/div>\n<\/div>\t\t\t\t<\/div>\n\t\t\t\t<\/div>\n\t\t\t\t<div class=\"elementor-element elementor-element-802999a elementor-invisible pxl-elementor-animate elementor-widget elementor-widget-pxl_text_editor\" data-id=\"802999a\" data-element_type=\"widget\" data-settings=\"{&quot;_animation&quot;:&quot;fadeInUp&quot;}\" data-widget_type=\"pxl_text_editor.default\">\n\t\t\t\t<div class=\"elementor-widget-container\">\n\t\t\t\t\t<div id=\"pxl_text_editor-802999a-9334\" class=\"pxl-text-editor-wrap d-flex \" >\n\t<div class=\"pxl-text-editor elementor-clearfix\">\n\t\t<p>Surpreenda algu\u00e9m com momentos verdadeiramente memor\u00e1veis no cora\u00e7\u00e3o do Douro, onde a serenidade das vinhas e a autenticidade da regi\u00e3o se unem para criar experi\u00eancias inesquec\u00edveis. Escolha entre estadia, bem-estar ou gastronomia e ofere\u00e7a um presente que capta o verdadeiro esp\u00edrito do Douro.<\/p>\t\t\n\t<\/div>\n<\/div>\t\t\t\t<\/div>\n\t\t\t\t<\/div>\n\t\t\t\t<div class=\"elementor-element elementor-element-46b82f4 elementor-widget elementor-widget-spacer\" data-id=\"46b82f4\" data-element_type=\"widget\" data-widget_type=\"spacer.default\">\n\t\t\t\t<div class=\"elementor-widget-container\">\n\t\t\t\t\t\t\t<div class=\"elementor-spacer\">\n\t\t\t<div class=\"elementor-spacer-inner\"><\/div>\n\t\t<\/div>\n\t\t\t\t\t\t<\/div>\n\t\t\t\t<\/div>\n\t\t                    <\/div>\r\n        <\/div>\r\n        \t\t\t<\/div>\n\t\t<\/section>\n\t\t        <section class=\"elementor-section elementor-top-section elementor-element elementor-element-600f933 elementor-section-boxed elementor-section-height-default elementor-section-height-default pxl-section-static-pos-no pxl-section-overflow-hidden-no pxl-container-margin-auto-no\" data-id=\"600f933\" data-element_type=\"section\">\n\n                \n                <div class=\"elementor-container elementor-column-gap-default \">\n                <div class=\"elementor-column elementor-col-100 elementor-top-column elementor-element elementor-element-1258f63 col-offset-none pxl-column-element-default pxl-column-overflow-hidden-no\" data-id=\"1258f63\" data-element_type=\"column\">\r\n        <div class=\"elementor-widget-wrap elementor-element-populated\">\r\n                    \t\t<div class=\"elementor-element elementor-element-ac8fb03 elementor-position-left elementor-vertical-align-top elementor-widget elementor-widget-image-box\" data-id=\"ac8fb03\" data-element_type=\"widget\" data-widget_type=\"image-box.default\">\n\t\t\t\t<div class=\"elementor-widget-container\">\n\t\t\t\t\t<div class=\"elementor-image-box-wrapper\"><figure class=\"elementor-image-box-img\"><img fetchpriority=\"high\" decoding=\"async\" width=\"600\" height=\"900\" src=\"https:\/\/lamegohotel.pt\/wp-content\/uploads\/2025\/12\/transferir.jpg\" class=\"attachment-full size-full wp-image-22726\" alt=\"\" srcset=\"https:\/\/lamegohotel.pt\/wp-content\/uploads\/2025\/12\/transferir.jpg 600w, https:\/\/lamegohotel.pt\/wp-content\/uploads\/2025\/12\/transferir-473x710.jpg 473w\" sizes=\"(max-width: 600px) 100vw, 600px\" \/><\/figure><div class=\"elementor-image-box-content\"><h3 class=\"elementor-image-box-title\">Voucher de alojamento<\/h3><p class=\"elementor-image-box-description\">Ofere\u00e7a o presente de uma escapadinha tranquila no cora\u00e7\u00e3o do Vale do Douro. Este voucher inclui uma estadia relaxante no Lamego Hotel & Life, com pequeno-almo\u00e7o, acesso \u00e0 piscina exterior aquecida 24 horas (sazonal) e ao circuito do Marieta Life Spa. Uma experi\u00eancia perfeita para quem procura descontrair e desfrutar de mem\u00f3rias intemporais rodeado pela natureza.<\/p><\/div><\/div>\t\t\t\t<\/div>\n\t\t\t\t<\/div>\n\t\t\t\t<div class=\"elementor-element elementor-element-8f96e4e elementor-widget-divider--view-line elementor-widget elementor-widget-divider\" data-id=\"8f96e4e\" data-element_type=\"widget\" data-widget_type=\"divider.default\">\n\t\t\t\t<div class=\"elementor-widget-container\">\n\t\t\t\t\t\t\t<div class=\"elementor-divider\">\n\t\t\t<span class=\"elementor-divider-separator\">\n\t\t\t\t\t\t<\/span>\n\t\t<\/div>\n\t\t\t\t\t\t<\/div>\n\t\t\t\t<\/div>\n\t\t\t\t<div class=\"elementor-element elementor-element-5e8c9d7 elementor-widget elementor-widget-pxl_button\" data-id=\"5e8c9d7\" data-element_type=\"widget\" data-widget_type=\"pxl_button.default\">\n\t\t\t\t<div class=\"elementor-widget-container\">\n\t\t\t\t\t<div id=\"pxl_button-5e8c9d7-2199\" class=\"pxl-button-wrapper d-flex-wrap pxl-button-layout1\" >\r\n    <a href=\"https:\/\/forms.gle\/SEof88L2ZSZgiSNu8\" class=\"pxl-btn df-underline-none icon-ps-right\">\r\n        <span class=\"pxl-button-text\">Ver Aqui<\/span>\r\n            <\/a>\r\n<\/div>\t\t\t\t<\/div>\n\t\t\t\t<\/div>\n\t\t\t\t<div class=\"elementor-element elementor-element-5631e57 elementor-position-right elementor-vertical-align-top elementor-widget elementor-widget-image-box\" data-id=\"5631e57\" data-element_type=\"widget\" data-widget_type=\"image-box.default\">\n\t\t\t\t<div class=\"elementor-widget-container\">\n\t\t\t\t\t<div class=\"elementor-image-box-wrapper\"><figure class=\"elementor-image-box-img\"><img decoding=\"async\" width=\"600\" height=\"900\" src=\"https:\/\/lamegohotel.pt\/wp-content\/uploads\/2025\/12\/transferir-1.jpg\" class=\"attachment-full size-full wp-image-22728\" alt=\"\" srcset=\"https:\/\/lamegohotel.pt\/wp-content\/uploads\/2025\/12\/transferir-1.jpg 600w, https:\/\/lamegohotel.pt\/wp-content\/uploads\/2025\/12\/transferir-1-473x710.jpg 473w\" sizes=\"(max-width: 600px) 100vw, 600px\" \/><\/figure><div class=\"elementor-image-box-content\"><h3 class=\"elementor-image-box-title\">Voucher gastron\u00f3mico<\/h3><p class=\"elementor-image-box-description\">Celebre os verdadeiros sabores do Douro com uma experi\u00eancia gastron\u00f3mica memor\u00e1vel. Este voucher inclui uma refei\u00e7\u00e3o especial no nosso restaurante \"O Comendador\", onde ingredientes sazonais de produtores locais e as ricas tradi\u00e7\u00f5es culin\u00e1rias da regi\u00e3o se unem em cada prato. Um presente perfeito para amantes de gastronomia que valorizam autenticidade, patrim\u00f3nio regional e a alegria de partilhar momentos inesquec\u00edveis \u00e0 mesa.<\/p><\/div><\/div>\t\t\t\t<\/div>\n\t\t\t\t<\/div>\n\t\t\t\t<div class=\"elementor-element elementor-element-82056c4 elementor-widget-divider--view-line elementor-widget elementor-widget-divider\" data-id=\"82056c4\" data-element_type=\"widget\" data-widget_type=\"divider.default\">\n\t\t\t\t<div class=\"elementor-widget-container\">\n\t\t\t\t\t\t\t<div class=\"elementor-divider\">\n\t\t\t<span class=\"elementor-divider-separator\">\n\t\t\t\t\t\t<\/span>\n\t\t<\/div>\n\t\t\t\t\t\t<\/div>\n\t\t\t\t<\/div>\n\t\t\t\t<div class=\"elementor-element elementor-element-9848932 elementor-align-end elementor-widget elementor-widget-pxl_button\" data-id=\"9848932\" data-element_type=\"widget\" data-widget_type=\"pxl_button.default\">\n\t\t\t\t<div class=\"elementor-widget-container\">\n\t\t\t\t\t<div id=\"pxl_button-9848932-1458\" class=\"pxl-button-wrapper d-flex-wrap pxl-button-layout1\" >\r\n    <a href=\"https:\/\/forms.gle\/Nn883r4fCwprvUMr6\" class=\"pxl-btn df-underline-none icon-ps-right\">\r\n        <span class=\"pxl-button-text\">Ver Aqui<\/span>\r\n            <\/a>\r\n<\/div>\t\t\t\t<\/div>\n\t\t\t\t<\/div>\n\t\t\t\t<div class=\"elementor-element elementor-element-47dc8ed elementor-widget-divider--view-line elementor-widget elementor-widget-divider\" data-id=\"47dc8ed\" data-element_type=\"widget\" data-widget_type=\"divider.default\">\n\t\t\t\t<div class=\"elementor-widget-container\">\n\t\t\t\t\t\t\t<div class=\"elementor-divider\">\n\t\t\t<span class=\"elementor-divider-separator\">\n\t\t\t\t\t\t<\/span>\n\t\t<\/div>\n\t\t\t\t\t\t<\/div>\n\t\t\t\t<\/div>\n\t\t\t\t<div class=\"elementor-element elementor-element-0b40f7d elementor-position-left elementor-vertical-align-top elementor-widget elementor-widget-image-box\" data-id=\"0b40f7d\" data-element_type=\"widget\" data-widget_type=\"image-box.default\">\n\t\t\t\t<div class=\"elementor-widget-container\">\n\t\t\t\t\t<div class=\"elementor-image-box-wrapper\"><figure class=\"elementor-image-box-img\"><img decoding=\"async\" width=\"1707\" height=\"2560\" src=\"https:\/\/lamegohotel.pt\/wp-content\/uploads\/2025\/12\/1-scaled.jpg\" class=\"attachment-full size-full wp-image-22730\" alt=\"\" srcset=\"https:\/\/lamegohotel.pt\/wp-content\/uploads\/2025\/12\/1-scaled.jpg 1707w, https:\/\/lamegohotel.pt\/wp-content\/uploads\/2025\/12\/1-768x1152.jpg 768w, https:\/\/lamegohotel.pt\/wp-content\/uploads\/2025\/12\/1-1024x1536.jpg 1024w, https:\/\/lamegohotel.pt\/wp-content\/uploads\/2025\/12\/1-1365x2048.jpg 1365w, https:\/\/lamegohotel.pt\/wp-content\/uploads\/2025\/12\/1-473x710.jpg 473w, https:\/\/lamegohotel.pt\/wp-content\/uploads\/2025\/12\/1-600x900.jpg 600w\" sizes=\"(max-width: 1707px) 100vw, 1707px\" \/><\/figure><div class=\"elementor-image-box-content\"><h3 class=\"elementor-image-box-title\"> Voucher \"Marieta Life Spa\"<\/h3><p class=\"elementor-image-box-description\">Ofere\u00e7a pura tranquilidade e bem-estar. Este voucher pode ser utilizado em tratamentos de spa ou para acesso ao circuito completo do Marieta Life Spa, que inclui banho n\u00f3rdico, banho turco, piscina interior aquecida, sauna e sala de fitness \u2014 um verdadeiro convite para abrandar, desligar e recarregar energias. Perfeito para quem merece uma escapadinha relaxante e revitalizante.<\/p><\/div><\/div>\t\t\t\t<\/div>\n\t\t\t\t<\/div>\n\t\t\t\t<div class=\"elementor-element elementor-element-bf06308 elementor-widget-divider--view-line elementor-widget elementor-widget-divider\" data-id=\"bf06308\" data-element_type=\"widget\" data-widget_type=\"divider.default\">\n\t\t\t\t<div class=\"elementor-widget-container\">\n\t\t\t\t\t\t\t<div class=\"elementor-divider\">\n\t\t\t<span class=\"elementor-divider-separator\">\n\t\t\t\t\t\t<\/span>\n\t\t<\/div>\n\t\t\t\t\t\t<\/div>\n\t\t\t\t<\/div>\n\t\t\t\t<div class=\"elementor-element elementor-element-e6de09f elementor-widget elementor-widget-pxl_button\" data-id=\"e6de09f\" data-element_type=\"widget\" data-widget_type=\"pxl_button.default\">\n\t\t\t\t<div class=\"elementor-widget-container\">\n\t\t\t\t\t<div id=\"pxl_button-e6de09f-9605\" class=\"pxl-button-wrapper d-flex-wrap pxl-button-layout1\" >\r\n    <a href=\"https:\/\/forms.gle\/Jzun79qHvGztMEDKA\" class=\"pxl-btn df-underline-none icon-ps-right\">\r\n        <span class=\"pxl-button-text\">Ver Aqui<\/span>\r\n            <\/a>\r\n<\/div>\t\t\t\t<\/div>\n\t\t\t\t<\/div>\n\t\t\t\t<div class=\"elementor-element elementor-element-3051930 elementor-widget-divider--view-line elementor-widget elementor-widget-divider\" data-id=\"3051930\" data-element_type=\"widget\" data-widget_type=\"divider.default\">\n\t\t\t\t<div class=\"elementor-widget-container\">\n\t\t\t\t\t\t\t<div class=\"elementor-divider\">\n\t\t\t<span class=\"elementor-divider-separator\">\n\t\t\t\t\t\t<\/span>\n\t\t<\/div>\n\t\t\t\t\t\t<\/div>\n\t\t\t\t<\/div>\n\t\t                    <\/div>\r\n        <\/div>\r\n        \t\t\t<\/div>\n\t\t<\/section>\n\t\t\t\t<\/div>\n\t\t","protected":false},"excerpt":{"rendered":"<p>Vouchers oferta \u2013 A forma mais especial de oferecer mem\u00f3rias intemporais Surpreenda algu\u00e9m com momentos verdadeiramente memor\u00e1veis no cora\u00e7\u00e3o do Douro, onde a serenidade das vinhas e a autenticidade da regi\u00e3o se unem para criar experi\u00eancias inesquec\u00edveis. Escolha entre estadia, bem-estar ou gastronomia e ofere\u00e7a um presente que capta o verdadeiro esp\u00edrito do Douro. Voucher [&hellip;]<\/p>\n","protected":false},"author":1,"featured_media":0,"parent":0,"menu_order":0,"comment_status":"closed","ping_status":"closed","template":"","meta":{"footnotes":""},"class_list":["post-22812","page","type-page","status-publish","hentry"],"yoast_head":"<!-- This site is optimized with the Yoast SEO plugin v25.4 - https:\/\/yoast.com\/wordpress\/plugins\/seo\/ -->\n<title>Vouchers-PT - Lamego Hotel &amp; Life<\/title>\n<meta name=\"robots\" content=\"index, follow, max-snippet:-1, max-image-preview:large, max-video-preview:-1\" \/>\n<link rel=\"canonical\" href=\"https:\/\/lamegohotel.pt\/pt-pt\/vouchers-pt-2\/\" \/>\n<meta property=\"og:locale\" content=\"pt_PT\" \/>\n<meta property=\"og:type\" content=\"article\" \/>\n<meta property=\"og:title\" content=\"Vouchers-PT - Lamego Hotel &amp; Life\" \/>\n<meta property=\"og:description\" content=\"Vouchers oferta \u2013 A forma mais especial de oferecer mem\u00f3rias intemporais Surpreenda algu\u00e9m com momentos verdadeiramente memor\u00e1veis no cora\u00e7\u00e3o do Douro, onde a serenidade das vinhas e a autenticidade da regi\u00e3o se unem para criar experi\u00eancias inesquec\u00edveis. Escolha entre estadia, bem-estar ou gastronomia e ofere\u00e7a um presente que capta o verdadeiro esp\u00edrito do Douro. Voucher [&hellip;]\" \/>\n<meta property=\"og:url\" content=\"https:\/\/lamegohotel.pt\/pt-pt\/vouchers-pt-2\/\" \/>\n<meta property=\"og:site_name\" content=\"Lamego Hotel &amp; Life\" \/>\n<meta property=\"article:publisher\" content=\"https:\/\/www.facebook.com\/lamegohotellife\/\" \/>\n<meta property=\"article:modified_time\" content=\"2025-12-12T03:26:46+00:00\" \/>\n<meta property=\"og:image\" content=\"https:\/\/lamegohotel.pt\/wp-content\/uploads\/2025\/12\/transferir.jpg\" \/>\n<meta name=\"twitter:card\" content=\"summary_large_image\" \/>\n<meta name=\"twitter:label1\" content=\"Tempo estimado de leitura\" \/>\n\t<meta name=\"twitter:data1\" content=\"2 minutos\" \/>\n<script type=\"application\/ld+json\" class=\"yoast-schema-graph\">{\"@context\":\"https:\/\/schema.org\",\"@graph\":[{\"@type\":\"WebPage\",\"@id\":\"https:\/\/lamegohotel.pt\/pt-pt\/vouchers-pt-2\/\",\"url\":\"https:\/\/lamegohotel.pt\/pt-pt\/vouchers-pt-2\/\",\"name\":\"Vouchers-PT - Lamego Hotel &amp; Life\",\"isPartOf\":{\"@id\":\"https:\/\/lamegohotel.pt\/pt-pt\/#website\"},\"primaryImageOfPage\":{\"@id\":\"https:\/\/lamegohotel.pt\/pt-pt\/vouchers-pt-2\/#primaryimage\"},\"image\":{\"@id\":\"https:\/\/lamegohotel.pt\/pt-pt\/vouchers-pt-2\/#primaryimage\"},\"thumbnailUrl\":\"https:\/\/lamegohotel.pt\/wp-content\/uploads\/2025\/12\/transferir.jpg\",\"datePublished\":\"2025-12-08T17:28:02+00:00\",\"dateModified\":\"2025-12-12T03:26:46+00:00\",\"breadcrumb\":{\"@id\":\"https:\/\/lamegohotel.pt\/pt-pt\/vouchers-pt-2\/#breadcrumb\"},\"inLanguage\":\"pt-PT\",\"potentialAction\":[{\"@type\":\"ReadAction\",\"target\":[\"https:\/\/lamegohotel.pt\/pt-pt\/vouchers-pt-2\/\"]}]},{\"@type\":\"ImageObject\",\"inLanguage\":\"pt-PT\",\"@id\":\"https:\/\/lamegohotel.pt\/pt-pt\/vouchers-pt-2\/#primaryimage\",\"url\":\"https:\/\/lamegohotel.pt\/wp-content\/uploads\/2025\/12\/transferir.jpg\",\"contentUrl\":\"https:\/\/lamegohotel.pt\/wp-content\/uploads\/2025\/12\/transferir.jpg\"},{\"@type\":\"BreadcrumbList\",\"@id\":\"https:\/\/lamegohotel.pt\/pt-pt\/vouchers-pt-2\/#breadcrumb\",\"itemListElement\":[{\"@type\":\"ListItem\",\"position\":1,\"name\":\"Home\",\"item\":\"https:\/\/lamegohotel.pt\/pt-pt\/home-resort-3\/\"},{\"@type\":\"ListItem\",\"position\":2,\"name\":\"Vouchers-PT\"}]},{\"@type\":\"WebSite\",\"@id\":\"https:\/\/lamegohotel.pt\/pt-pt\/#website\",\"url\":\"https:\/\/lamegohotel.pt\/pt-pt\/\",\"name\":\"Lamego Hotel & Life\",\"description\":\"Lamego Hotel &amp; Life\",\"publisher\":{\"@id\":\"https:\/\/lamegohotel.pt\/pt-pt\/#organization\"},\"potentialAction\":[{\"@type\":\"SearchAction\",\"target\":{\"@type\":\"EntryPoint\",\"urlTemplate\":\"https:\/\/lamegohotel.pt\/pt-pt\/?s={search_term_string}\"},\"query-input\":{\"@type\":\"PropertyValueSpecification\",\"valueRequired\":true,\"valueName\":\"search_term_string\"}}],\"inLanguage\":\"pt-PT\"},{\"@type\":\"Organization\",\"@id\":\"https:\/\/lamegohotel.pt\/pt-pt\/#organization\",\"name\":\"Lamego Hotel & Life\",\"url\":\"https:\/\/lamegohotel.pt\/pt-pt\/\",\"logo\":{\"@type\":\"ImageObject\",\"inLanguage\":\"pt-PT\",\"@id\":\"https:\/\/lamegohotel.pt\/pt-pt\/#\/schema\/logo\/image\/\",\"url\":\"https:\/\/lamegohotel.pt\/wp-content\/uploads\/2024\/12\/ID_HotelLamegoFinal_Web-16-1.png\",\"contentUrl\":\"https:\/\/lamegohotel.pt\/wp-content\/uploads\/2024\/12\/ID_HotelLamegoFinal_Web-16-1.png\",\"width\":3508,\"height\":2480,\"caption\":\"Lamego Hotel & Life\"},\"image\":{\"@id\":\"https:\/\/lamegohotel.pt\/pt-pt\/#\/schema\/logo\/image\/\"},\"sameAs\":[\"https:\/\/www.facebook.com\/lamegohotellife\/\",\"https:\/\/www.instagram.com\/lamegohotellife\/\"]}]}<\/script>\n<!-- \/ Yoast SEO plugin. -->","yoast_head_json":{"title":"Vouchers-PT - Lamego Hotel &amp; Life","robots":{"index":"index","follow":"follow","max-snippet":"max-snippet:-1","max-image-preview":"max-image-preview:large","max-video-preview":"max-video-preview:-1"},"canonical":"https:\/\/lamegohotel.pt\/pt-pt\/vouchers-pt-2\/","og_locale":"pt_PT","og_type":"article","og_title":"Vouchers-PT - Lamego Hotel &amp; Life","og_description":"Vouchers oferta \u2013 A forma mais especial de oferecer mem\u00f3rias intemporais Surpreenda algu\u00e9m com momentos verdadeiramente memor\u00e1veis no cora\u00e7\u00e3o do Douro, onde a serenidade das vinhas e a autenticidade da regi\u00e3o se unem para criar experi\u00eancias inesquec\u00edveis. Escolha entre estadia, bem-estar ou gastronomia e ofere\u00e7a um presente que capta o verdadeiro esp\u00edrito do Douro. Voucher [&hellip;]","og_url":"https:\/\/lamegohotel.pt\/pt-pt\/vouchers-pt-2\/","og_site_name":"Lamego Hotel &amp; Life","article_publisher":"https:\/\/www.facebook.com\/lamegohotellife\/","article_modified_time":"2025-12-12T03:26:46+00:00","og_image":[{"url":"https:\/\/lamegohotel.pt\/wp-content\/uploads\/2025\/12\/transferir.jpg","type":"","width":"","height":""}],"twitter_card":"summary_large_image","twitter_misc":{"Tempo estimado de leitura":"2 minutos"},"schema":{"@context":"https:\/\/schema.org","@graph":[{"@type":"WebPage","@id":"https:\/\/lamegohotel.pt\/pt-pt\/vouchers-pt-2\/","url":"https:\/\/lamegohotel.pt\/pt-pt\/vouchers-pt-2\/","name":"Vouchers-PT - Lamego Hotel &amp; Life","isPartOf":{"@id":"https:\/\/lamegohotel.pt\/pt-pt\/#website"},"primaryImageOfPage":{"@id":"https:\/\/lamegohotel.pt\/pt-pt\/vouchers-pt-2\/#primaryimage"},"image":{"@id":"https:\/\/lamegohotel.pt\/pt-pt\/vouchers-pt-2\/#primaryimage"},"thumbnailUrl":"https:\/\/lamegohotel.pt\/wp-content\/uploads\/2025\/12\/transferir.jpg","datePublished":"2025-12-08T17:28:02+00:00","dateModified":"2025-12-12T03:26:46+00:00","breadcrumb":{"@id":"https:\/\/lamegohotel.pt\/pt-pt\/vouchers-pt-2\/#breadcrumb"},"inLanguage":"pt-PT","potentialAction":[{"@type":"ReadAction","target":["https:\/\/lamegohotel.pt\/pt-pt\/vouchers-pt-2\/"]}]},{"@type":"ImageObject","inLanguage":"pt-PT","@id":"https:\/\/lamegohotel.pt\/pt-pt\/vouchers-pt-2\/#primaryimage","url":"https:\/\/lamegohotel.pt\/wp-content\/uploads\/2025\/12\/transferir.jpg","contentUrl":"https:\/\/lamegohotel.pt\/wp-content\/uploads\/2025\/12\/transferir.jpg"},{"@type":"BreadcrumbList","@id":"https:\/\/lamegohotel.pt\/pt-pt\/vouchers-pt-2\/#breadcrumb","itemListElement":[{"@type":"ListItem","position":1,"name":"Home","item":"https:\/\/lamegohotel.pt\/pt-pt\/home-resort-3\/"},{"@type":"ListItem","position":2,"name":"Vouchers-PT"}]},{"@type":"WebSite","@id":"https:\/\/lamegohotel.pt\/pt-pt\/#website","url":"https:\/\/lamegohotel.pt\/pt-pt\/","name":"Lamego Hotel & Life","description":"Lamego Hotel &amp; Life","publisher":{"@id":"https:\/\/lamegohotel.pt\/pt-pt\/#organization"},"potentialAction":[{"@type":"SearchAction","target":{"@type":"EntryPoint","urlTemplate":"https:\/\/lamegohotel.pt\/pt-pt\/?s={search_term_string}"},"query-input":{"@type":"PropertyValueSpecification","valueRequired":true,"valueName":"search_term_string"}}],"inLanguage":"pt-PT"},{"@type":"Organization","@id":"https:\/\/lamegohotel.pt\/pt-pt\/#organization","name":"Lamego Hotel & Life","url":"https:\/\/lamegohotel.pt\/pt-pt\/","logo":{"@type":"ImageObject","inLanguage":"pt-PT","@id":"https:\/\/lamegohotel.pt\/pt-pt\/#\/schema\/logo\/image\/","url":"https:\/\/lamegohotel.pt\/wp-content\/uploads\/2024\/12\/ID_HotelLamegoFinal_Web-16-1.png","contentUrl":"https:\/\/lamegohotel.pt\/wp-content\/uploads\/2024\/12\/ID_HotelLamegoFinal_Web-16-1.png","width":3508,"height":2480,"caption":"Lamego Hotel & Life"},"image":{"@id":"https:\/\/lamegohotel.pt\/pt-pt\/#\/schema\/logo\/image\/"},"sameAs":["https:\/\/www.facebook.com\/lamegohotellife\/","https:\/\/www.instagram.com\/lamegohotellife\/"]}]}},"_links":{"self":[{"href":"https:\/\/lamegohotel.pt\/pt-pt\/wp-json\/wp\/v2\/pages\/22812","targetHints":{"allow":["GET"]}}],"collection":[{"href":"https:\/\/lamegohotel.pt\/pt-pt\/wp-json\/wp\/v2\/pages"}],"about":[{"href":"https:\/\/lamegohotel.pt\/pt-pt\/wp-json\/wp\/v2\/types\/page"}],"author":[{"embeddable":true,"href":"https:\/\/lamegohotel.pt\/pt-pt\/wp-json\/wp\/v2\/users\/1"}],"replies":[{"embeddable":true,"href":"https:\/\/lamegohotel.pt\/pt-pt\/wp-json\/wp\/v2\/comments?post=22812"}],"version-history":[{"count":7,"href":"https:\/\/lamegohotel.pt\/pt-pt\/wp-json\/wp\/v2\/pages\/22812\/revisions"}],"predecessor-version":[{"id":22828,"href":"https:\/\/lamegohotel.pt\/pt-pt\/wp-json\/wp\/v2\/pages\/22812\/revisions\/22828"}],"wp:attachment":[{"href":"https:\/\/lamegohotel.pt\/pt-pt\/wp-json\/wp\/v2\/media?parent=22812"}],"curies":[{"name":"wp","href":"https:\/\/api.w.org\/{rel}","templated":true}]}}