{"id":22000,"date":"2025-07-23T13:33:48","date_gmt":"2025-07-23T13:33:48","guid":{"rendered":"https:\/\/lamegohotel.pt\/barco-rabelo-passeio-da-magnifico\/"},"modified":"2025-07-24T10:10:22","modified_gmt":"2025-07-24T10:10:22","slug":"barco-rabelo-passeio-da-magnifico","status":"publish","type":"page","link":"https:\/\/lamegohotel.pt\/pt-pt\/barco-rabelo-passeio-da-magnifico\/","title":{"rendered":"Barco Rabelo &#8211; passeio da magn\u00edfico"},"content":{"rendered":"\t\t<div data-elementor-type=\"wp-page\" data-elementor-id=\"22000\" class=\"elementor elementor-22000 elementor-21933\" data-elementor-post-type=\"page\">\n\t\t\t\t        <section class=\"elementor-section elementor-top-section elementor-element elementor-element-bf167aa elementor-section-boxed elementor-section-height-default elementor-section-height-default pxl-section-static-pos-no pxl-section-overflow-hidden-no pxl-container-margin-auto-no\" data-id=\"bf167aa\" data-element_type=\"section\">\n\n                \n                <div class=\"elementor-container elementor-column-gap-default \">\n                <div class=\"elementor-column elementor-col-100 elementor-top-column elementor-element elementor-element-de4b70e col-offset-none pxl-column-element-default pxl-column-overflow-hidden-no\" data-id=\"de4b70e\" data-element_type=\"column\">\r\n        <div class=\"elementor-widget-wrap elementor-element-populated\">\r\n                    \t\t<div class=\"elementor-element elementor-element-439feef elementor-widget elementor-widget-spacer\" data-id=\"439feef\" data-element_type=\"widget\" data-widget_type=\"spacer.default\">\n\t\t\t\t<div class=\"elementor-widget-container\">\n\t\t\t\t\t\t\t<div class=\"elementor-spacer\">\n\t\t\t<div class=\"elementor-spacer-inner\"><\/div>\n\t\t<\/div>\n\t\t\t\t\t\t<\/div>\n\t\t\t\t<\/div>\n\t\t\t\t<div class=\"elementor-element elementor-element-4532918 elementor-widget elementor-widget-heading\" data-id=\"4532918\" data-element_type=\"widget\" data-widget_type=\"heading.default\">\n\t\t\t\t<div class=\"elementor-widget-container\">\n\t\t\t\t\t<h4 class=\"elementor-heading-title elementor-size-default\">Experiencia o Douro com todos os sentidos<\/h4>\t\t\t\t<\/div>\n\t\t\t\t<\/div>\n\t\t\t\t<div class=\"elementor-element elementor-element-01951b7 elementor-widget elementor-widget-spacer\" data-id=\"01951b7\" data-element_type=\"widget\" data-widget_type=\"spacer.default\">\n\t\t\t\t<div class=\"elementor-widget-container\">\n\t\t\t\t\t\t\t<div class=\"elementor-spacer\">\n\t\t\t<div class=\"elementor-spacer-inner\"><\/div>\n\t\t<\/div>\n\t\t\t\t\t\t<\/div>\n\t\t\t\t<\/div>\n\t\t\t\t<div class=\"elementor-element elementor-element-9454639 elementor-widget elementor-widget-text-editor\" data-id=\"9454639\" data-element_type=\"widget\" data-widget_type=\"text-editor.default\">\n\t\t\t\t<div class=\"elementor-widget-container\">\n\t\t\t\t\t\t\t\t\t<p>As experi\u00eancias que cuidadosamente selecion\u00e1mos foram concebidas para revelar o que de melhor a regi\u00e3o tem para oferecer, com serenidade, autenticidade e emo\u00e7\u00e3o. Desde encantadores passeios de barco pelo rio Douro at\u00e9 momentos de puro deleite imersos na natureza, cada proposta \u00e9 um convite a desacelerar e a conectar-se com o que verdadeiramente importa. <\/p>\n<p data-start=\"443\" data-end=\"678\">Quer pretenda desfrutar de um sereno cruzeiro ao p\u00f4r do sol a bordo de um tradicional barco Rabelo, ou estabelecer uma liga\u00e7\u00e3o mais profunda com a cultura local, encontrar\u00e1 op\u00e7\u00f5es cuidadosamente elaboradas para tornar a sua estadia ainda mais inesquec\u00edvel.<\/p>\n<p data-start=\"680\" data-end=\"735\">Descobre as nossas experi\u00eancias e deixa-te surpreender.<\/p>\t\t\t\t\t\t\t\t<\/div>\n\t\t\t\t<\/div>\n\t\t                    <\/div>\r\n        <\/div>\r\n        \t\t\t<\/div>\n\t\t<\/section>\n\t\t        <section class=\"elementor-section elementor-top-section elementor-element elementor-element-a5ac9cd elementor-section-boxed elementor-section-height-default elementor-section-height-default pxl-section-static-pos-no pxl-section-overflow-hidden-no pxl-container-margin-auto-no\" data-id=\"a5ac9cd\" data-element_type=\"section\">\n\n                \n                <div class=\"elementor-container elementor-column-gap-default \">\n                <div class=\"elementor-column elementor-col-100 elementor-top-column elementor-element elementor-element-e121118 col-offset-none pxl-column-element-default pxl-column-overflow-hidden-no\" data-id=\"e121118\" data-element_type=\"column\">\r\n        <div class=\"elementor-widget-wrap elementor-element-populated\">\r\n                    \t\t<div class=\"elementor-element elementor-element-0635a49 elementor-align-center elementor-widget__width-initial elementor-widget elementor-widget-button\" data-id=\"0635a49\" data-element_type=\"widget\" data-widget_type=\"button.default\">\n\t\t\t\t<div class=\"elementor-widget-container\">\n\t\t\t\t\t\t\t\t\t<div class=\"elementor-button-wrapper\">\n\t\t\t\t\t<a class=\"elementor-button elementor-button-link elementor-size-sm\" href=\"https:\/\/docs.google.com\/forms\/d\/e\/1FAIpQLSf_SGdMDMCes5o4BrjJ9NMmsf3k6vmXPdwLwmzXBwcz5u33UQ\/viewform\">\n\t\t\t\t\t\t<span class=\"elementor-button-content-wrapper\">\n\t\t\t\t\t\t\t\t\t<span class=\"elementor-button-text\">Reserva agora<\/span>\n\t\t\t\t\t<\/span>\n\t\t\t\t\t<\/a>\n\t\t\t\t<\/div>\n\t\t\t\t\t\t\t\t<\/div>\n\t\t\t\t<\/div>\n\t\t                    <\/div>\r\n        <\/div>\r\n        \t\t\t<\/div>\n\t\t<\/section>\n\t\t        <section class=\"elementor-section elementor-top-section elementor-element elementor-element-81d0be5 elementor-section-boxed elementor-section-height-default elementor-section-height-default pxl-section-static-pos-no pxl-section-overflow-hidden-no pxl-container-margin-auto-no\" data-id=\"81d0be5\" data-element_type=\"section\">\n\n                \n                <div class=\"elementor-container elementor-column-gap-default \">\n                <div class=\"elementor-column elementor-col-100 elementor-top-column elementor-element elementor-element-26505e3 col-offset-none pxl-column-element-default pxl-column-overflow-hidden-no\" data-id=\"26505e3\" data-element_type=\"column\">\r\n        <div class=\"elementor-widget-wrap\">\r\n                                        <\/div>\r\n        <\/div>\r\n        \t\t\t<\/div>\n\t\t<\/section>\n\t\t        <section class=\"elementor-section elementor-top-section elementor-element elementor-element-9d0816d elementor-section-boxed elementor-section-height-default elementor-section-height-default pxl-section-static-pos-no pxl-section-overflow-hidden-no pxl-container-margin-auto-no\" data-id=\"9d0816d\" data-element_type=\"section\">\n\n                \n                <div class=\"elementor-container elementor-column-gap-default \">\n                <div class=\"elementor-column elementor-col-100 elementor-top-column elementor-element elementor-element-84ea9fe col-offset-none pxl-column-element-default pxl-column-overflow-hidden-no\" data-id=\"84ea9fe\" data-element_type=\"column\">\r\n        <div class=\"elementor-widget-wrap\">\r\n                                        <\/div>\r\n        <\/div>\r\n        \t\t\t<\/div>\n\t\t<\/section>\n\t\t        <section class=\"elementor-section elementor-top-section elementor-element elementor-element-d224ecd elementor-section-boxed elementor-section-height-default elementor-section-height-default pxl-section-static-pos-no pxl-section-overflow-hidden-no pxl-container-margin-auto-no\" data-id=\"d224ecd\" data-element_type=\"section\">\n\n                \n                <div class=\"elementor-container elementor-column-gap-default \">\n                <div class=\"elementor-column elementor-col-50 elementor-top-column elementor-element elementor-element-b4f7290 col-offset-none pxl-column-element-default pxl-column-overflow-hidden-no\" data-id=\"b4f7290\" data-element_type=\"column\">\r\n        <div class=\"elementor-widget-wrap elementor-element-populated\">\r\n                    \t\t<div class=\"elementor-element elementor-element-77fc462 pxl-fancybox-layout-2 elementor-widget elementor-widget-pxl_fancy_box\" data-id=\"77fc462\" data-element_type=\"widget\" data-widget_type=\"pxl_fancy_box.default\">\n\t\t\t\t<div class=\"elementor-widget-container\">\n\t\t\t\t\t \r\n<div class=\"pxl-fancybox-wrap d-flex text-center layout-2\">\r\n    <div class=\"fancybox-inner relative \">\r\n                    <div class=\"parallax-inner\"   style=\"--pxl-image-bg-parallax-inner: url(https:\/\/lamegohotel.pt\/wp-content\/uploads\/2025\/07\/DSC00499-scaled.jpg)\"><\/div>\r\n                \r\n        <div class=\"inner-wrap\">\r\n                          \r\n            <div class=\"pxl-fancybox-content\">\r\n                                <h3 class=\"title pxl-heading\">\r\n                    Barco Rabelo                <\/h3>\r\n                                                <div class=\"desc\">\r\n                    Suba a bordo de um tradicional barco Rabelo e deixe o rio Douro conduzi-lo por paisagens deslumbrantes, moldadas por s\u00e9culos de cultura vin\u00edcola. Estas ic\u00f3nicas embarca\u00e7\u00f5es de madeira foram outrora utilizadas para transportar barris de Vinho do Porto desde o Vale do Douro at\u00e9 \u00e0s caves de Vila Nova de Gaia \u2014 muito antes da exist\u00eancia de estradas e caminhos-de-ferro.<br \/>\n<br \/>\nSem motores e sem pressa, apenas o som da \u00e1gua e o canto dos p\u00e1ssaros, cada viagem oferece uma forma serena e aut\u00eantica de se ligar ao esp\u00edrito da regi\u00e3o.<br \/>\n<br \/>\nDeixe que o rio o transporte atrav\u00e9s do tempo.                <\/div>\r\n                                <a class=\"pxl-readmore d-inline-flex align-items-center\" href=\"https:\/\/forms.gle\/vrea2jBUTbfx6npu7\" target=\"_blank\">                    <span class=\"pxl-button-text\">RESERVA AGORA<\/span>\r\n                    <span class=\"pxl-icon pxli-long-arrow-right\"><\/span>\r\n                <\/a>            <\/div> \r\n        <\/div>\r\n        <div class=\"title-bottom\">\r\n                            <h3 class=\"title pxl-heading\">\r\n                    Barco Rabelo                <\/h3>\r\n                    <\/div>\r\n    <\/div>  \r\n<\/div>\r\n \r\n\r\n\r\n\r\n\t\t\t\t<\/div>\n\t\t\t\t<\/div>\n\t\t\t\t<div class=\"elementor-element elementor-element-e63178f elementor-widget elementor-widget-spacer\" data-id=\"e63178f\" data-element_type=\"widget\" data-widget_type=\"spacer.default\">\n\t\t\t\t<div class=\"elementor-widget-container\">\n\t\t\t\t\t\t\t<div class=\"elementor-spacer\">\n\t\t\t<div class=\"elementor-spacer-inner\"><\/div>\n\t\t<\/div>\n\t\t\t\t\t\t<\/div>\n\t\t\t\t<\/div>\n\t\t                    <\/div>\r\n        <\/div>\r\n                <div class=\"elementor-column elementor-col-50 elementor-top-column elementor-element elementor-element-0bb6c09 col-offset-none pxl-column-element-default pxl-column-overflow-hidden-no\" data-id=\"0bb6c09\" data-element_type=\"column\">\r\n        <div class=\"elementor-widget-wrap elementor-element-populated\">\r\n                    \t\t<div class=\"elementor-element elementor-element-c17dd49 pxl-fancybox-layout-2 elementor-widget elementor-widget-pxl_fancy_box\" data-id=\"c17dd49\" data-element_type=\"widget\" data-widget_type=\"pxl_fancy_box.default\">\n\t\t\t\t<div class=\"elementor-widget-container\">\n\t\t\t\t\t \r\n<div class=\"pxl-fancybox-wrap d-flex text-center layout-2\">\r\n    <div class=\"fancybox-inner relative \">\r\n                    <div class=\"parallax-inner\"   style=\"--pxl-image-bg-parallax-inner: url(https:\/\/lamegohotel.pt\/wp-content\/uploads\/2025\/07\/DSC00909-scaled.jpg)\"><\/div>\r\n                \r\n        <div class=\"inner-wrap\">\r\n                          \r\n            <div class=\"pxl-fancybox-content\">\r\n                                <h3 class=\"title pxl-heading\">\r\n                    Viagem no Rio com a Magn\u00edfico                <\/h3>\r\n                                                <div class=\"desc\">\r\n                    Termine o seu dia em perfeita harmonia com a natureza, numa exclusiva viagem ao final da tarde por um tro\u00e7o tranquilo do rio Douro. Sem ru\u00eddo de motores ou tr\u00e2nsito nas margens, apenas o suave som da \u00e1gua a bater no casco e o canto dos p\u00e1ssaros \u00e0 sua volta, esta experi\u00eancia convida-o a abrandar o ritmo e a respirar verdadeiramente a beleza do Douro ao entardecer.<br \/>\n<br \/>\nNavegue por uma das \u00e1reas mais aut\u00eanticas e protegidas do rio e celebre o momento com uma ta\u00e7a de espumante e uma sele\u00e7\u00e3o de frutos secos \u2014 tudo acompanhado por um guia em portugu\u00eas e ingl\u00eas, ou, se preferir, com um \u00e1udio-guia multil\u00edngue dispon\u00edvel no seu telem\u00f3vel.                <\/div>\r\n                                <a class=\"pxl-readmore d-inline-flex align-items-center\" href=\"https:\/\/forms.gle\/4Us9MKYwXSbVpkGg8\" target=\"_blank\">                    <span class=\"pxl-button-text\">RESERVA AGORA<\/span>\r\n                    <span class=\"pxl-icon pxli-long-arrow-right\"><\/span>\r\n                <\/a>            <\/div> \r\n        <\/div>\r\n        <div class=\"title-bottom\">\r\n                            <h3 class=\"title pxl-heading\">\r\n                    Viagem no Rio com a Magn\u00edfico                <\/h3>\r\n                    <\/div>\r\n    <\/div>  \r\n<\/div>\r\n \r\n\r\n\r\n\r\n\t\t\t\t<\/div>\n\t\t\t\t<\/div>\n\t\t\t\t<div class=\"elementor-element elementor-element-97a71ea elementor-widget elementor-widget-spacer\" data-id=\"97a71ea\" data-element_type=\"widget\" data-widget_type=\"spacer.default\">\n\t\t\t\t<div class=\"elementor-widget-container\">\n\t\t\t\t\t\t\t<div class=\"elementor-spacer\">\n\t\t\t<div class=\"elementor-spacer-inner\"><\/div>\n\t\t<\/div>\n\t\t\t\t\t\t<\/div>\n\t\t\t\t<\/div>\n\t\t                    <\/div>\r\n        <\/div>\r\n        \t\t\t<\/div>\n\t\t<\/section>\n\t\t\t\t<\/div>\n\t\t","protected":false},"excerpt":{"rendered":"<p>Experiencia o Douro com todos os sentidos As experi\u00eancias que cuidadosamente selecion\u00e1mos foram concebidas para revelar o que de melhor a regi\u00e3o tem para oferecer, com serenidade, autenticidade e emo\u00e7\u00e3o. Desde encantadores passeios de barco pelo rio Douro at\u00e9 momentos de puro deleite imersos na natureza, cada proposta \u00e9 um convite a desacelerar e a [&hellip;]<\/p>\n","protected":false},"author":1,"featured_media":0,"parent":0,"menu_order":0,"comment_status":"closed","ping_status":"closed","template":"","meta":{"footnotes":""},"class_list":["post-22000","page","type-page","status-publish","hentry"],"yoast_head":"<!-- This site is optimized with the Yoast SEO plugin v25.4 - https:\/\/yoast.com\/wordpress\/plugins\/seo\/ -->\n<title>Barco Rabelo - passeio da magn\u00edfico - Lamego Hotel &amp; Life<\/title>\n<meta name=\"robots\" content=\"index, follow, max-snippet:-1, max-image-preview:large, max-video-preview:-1\" \/>\n<link rel=\"canonical\" href=\"https:\/\/lamegohotel.pt\/pt-pt\/barco-rabelo-passeio-da-magnifico\/\" \/>\n<meta property=\"og:locale\" content=\"pt_PT\" \/>\n<meta property=\"og:type\" content=\"article\" \/>\n<meta property=\"og:title\" content=\"Barco Rabelo - passeio da magn\u00edfico - Lamego Hotel &amp; Life\" \/>\n<meta property=\"og:description\" content=\"Experiencia o Douro com todos os sentidos As experi\u00eancias que cuidadosamente selecion\u00e1mos foram concebidas para revelar o que de melhor a regi\u00e3o tem para oferecer, com serenidade, autenticidade e emo\u00e7\u00e3o. Desde encantadores passeios de barco pelo rio Douro at\u00e9 momentos de puro deleite imersos na natureza, cada proposta \u00e9 um convite a desacelerar e a [&hellip;]\" \/>\n<meta property=\"og:url\" content=\"https:\/\/lamegohotel.pt\/pt-pt\/barco-rabelo-passeio-da-magnifico\/\" \/>\n<meta property=\"og:site_name\" content=\"Lamego Hotel &amp; Life\" \/>\n<meta property=\"article:publisher\" content=\"https:\/\/www.facebook.com\/lamegohotellife\/\" \/>\n<meta property=\"article:modified_time\" content=\"2025-07-24T10:10:22+00:00\" \/>\n<meta name=\"twitter:card\" content=\"summary_large_image\" \/>\n<meta name=\"twitter:label1\" content=\"Tempo estimado de leitura\" \/>\n\t<meta name=\"twitter:data1\" content=\"2 minutos\" \/>\n<script type=\"application\/ld+json\" class=\"yoast-schema-graph\">{\"@context\":\"https:\/\/schema.org\",\"@graph\":[{\"@type\":\"WebPage\",\"@id\":\"https:\/\/lamegohotel.pt\/pt-pt\/barco-rabelo-passeio-da-magnifico\/\",\"url\":\"https:\/\/lamegohotel.pt\/pt-pt\/barco-rabelo-passeio-da-magnifico\/\",\"name\":\"Barco Rabelo - passeio da magn\u00edfico - Lamego Hotel &amp; Life\",\"isPartOf\":{\"@id\":\"https:\/\/lamegohotel.pt\/pt-pt\/#website\"},\"datePublished\":\"2025-07-23T13:33:48+00:00\",\"dateModified\":\"2025-07-24T10:10:22+00:00\",\"breadcrumb\":{\"@id\":\"https:\/\/lamegohotel.pt\/pt-pt\/barco-rabelo-passeio-da-magnifico\/#breadcrumb\"},\"inLanguage\":\"pt-PT\",\"potentialAction\":[{\"@type\":\"ReadAction\",\"target\":[\"https:\/\/lamegohotel.pt\/pt-pt\/barco-rabelo-passeio-da-magnifico\/\"]}]},{\"@type\":\"BreadcrumbList\",\"@id\":\"https:\/\/lamegohotel.pt\/pt-pt\/barco-rabelo-passeio-da-magnifico\/#breadcrumb\",\"itemListElement\":[{\"@type\":\"ListItem\",\"position\":1,\"name\":\"Home\",\"item\":\"https:\/\/lamegohotel.pt\/pt-pt\/home-resort-3\/\"},{\"@type\":\"ListItem\",\"position\":2,\"name\":\"Barco Rabelo &#8211; passeio da magn\u00edfico\"}]},{\"@type\":\"WebSite\",\"@id\":\"https:\/\/lamegohotel.pt\/pt-pt\/#website\",\"url\":\"https:\/\/lamegohotel.pt\/pt-pt\/\",\"name\":\"Lamego Hotel & Life\",\"description\":\"Lamego Hotel &amp; Life\",\"publisher\":{\"@id\":\"https:\/\/lamegohotel.pt\/pt-pt\/#organization\"},\"potentialAction\":[{\"@type\":\"SearchAction\",\"target\":{\"@type\":\"EntryPoint\",\"urlTemplate\":\"https:\/\/lamegohotel.pt\/pt-pt\/?s={search_term_string}\"},\"query-input\":{\"@type\":\"PropertyValueSpecification\",\"valueRequired\":true,\"valueName\":\"search_term_string\"}}],\"inLanguage\":\"pt-PT\"},{\"@type\":\"Organization\",\"@id\":\"https:\/\/lamegohotel.pt\/pt-pt\/#organization\",\"name\":\"Lamego Hotel & Life\",\"url\":\"https:\/\/lamegohotel.pt\/pt-pt\/\",\"logo\":{\"@type\":\"ImageObject\",\"inLanguage\":\"pt-PT\",\"@id\":\"https:\/\/lamegohotel.pt\/pt-pt\/#\/schema\/logo\/image\/\",\"url\":\"https:\/\/lamegohotel.pt\/wp-content\/uploads\/2024\/12\/ID_HotelLamegoFinal_Web-16-1.png\",\"contentUrl\":\"https:\/\/lamegohotel.pt\/wp-content\/uploads\/2024\/12\/ID_HotelLamegoFinal_Web-16-1.png\",\"width\":3508,\"height\":2480,\"caption\":\"Lamego Hotel & Life\"},\"image\":{\"@id\":\"https:\/\/lamegohotel.pt\/pt-pt\/#\/schema\/logo\/image\/\"},\"sameAs\":[\"https:\/\/www.facebook.com\/lamegohotellife\/\",\"https:\/\/www.instagram.com\/lamegohotellife\/\"]}]}<\/script>\n<!-- \/ Yoast SEO plugin. -->","yoast_head_json":{"title":"Barco Rabelo - passeio da magn\u00edfico - Lamego Hotel &amp; Life","robots":{"index":"index","follow":"follow","max-snippet":"max-snippet:-1","max-image-preview":"max-image-preview:large","max-video-preview":"max-video-preview:-1"},"canonical":"https:\/\/lamegohotel.pt\/pt-pt\/barco-rabelo-passeio-da-magnifico\/","og_locale":"pt_PT","og_type":"article","og_title":"Barco Rabelo - passeio da magn\u00edfico - Lamego Hotel &amp; Life","og_description":"Experiencia o Douro com todos os sentidos As experi\u00eancias que cuidadosamente selecion\u00e1mos foram concebidas para revelar o que de melhor a regi\u00e3o tem para oferecer, com serenidade, autenticidade e emo\u00e7\u00e3o. Desde encantadores passeios de barco pelo rio Douro at\u00e9 momentos de puro deleite imersos na natureza, cada proposta \u00e9 um convite a desacelerar e a [&hellip;]","og_url":"https:\/\/lamegohotel.pt\/pt-pt\/barco-rabelo-passeio-da-magnifico\/","og_site_name":"Lamego Hotel &amp; Life","article_publisher":"https:\/\/www.facebook.com\/lamegohotellife\/","article_modified_time":"2025-07-24T10:10:22+00:00","twitter_card":"summary_large_image","twitter_misc":{"Tempo estimado de leitura":"2 minutos"},"schema":{"@context":"https:\/\/schema.org","@graph":[{"@type":"WebPage","@id":"https:\/\/lamegohotel.pt\/pt-pt\/barco-rabelo-passeio-da-magnifico\/","url":"https:\/\/lamegohotel.pt\/pt-pt\/barco-rabelo-passeio-da-magnifico\/","name":"Barco Rabelo - passeio da magn\u00edfico - Lamego Hotel &amp; Life","isPartOf":{"@id":"https:\/\/lamegohotel.pt\/pt-pt\/#website"},"datePublished":"2025-07-23T13:33:48+00:00","dateModified":"2025-07-24T10:10:22+00:00","breadcrumb":{"@id":"https:\/\/lamegohotel.pt\/pt-pt\/barco-rabelo-passeio-da-magnifico\/#breadcrumb"},"inLanguage":"pt-PT","potentialAction":[{"@type":"ReadAction","target":["https:\/\/lamegohotel.pt\/pt-pt\/barco-rabelo-passeio-da-magnifico\/"]}]},{"@type":"BreadcrumbList","@id":"https:\/\/lamegohotel.pt\/pt-pt\/barco-rabelo-passeio-da-magnifico\/#breadcrumb","itemListElement":[{"@type":"ListItem","position":1,"name":"Home","item":"https:\/\/lamegohotel.pt\/pt-pt\/home-resort-3\/"},{"@type":"ListItem","position":2,"name":"Barco Rabelo &#8211; passeio da magn\u00edfico"}]},{"@type":"WebSite","@id":"https:\/\/lamegohotel.pt\/pt-pt\/#website","url":"https:\/\/lamegohotel.pt\/pt-pt\/","name":"Lamego Hotel & Life","description":"Lamego Hotel &amp; Life","publisher":{"@id":"https:\/\/lamegohotel.pt\/pt-pt\/#organization"},"potentialAction":[{"@type":"SearchAction","target":{"@type":"EntryPoint","urlTemplate":"https:\/\/lamegohotel.pt\/pt-pt\/?s={search_term_string}"},"query-input":{"@type":"PropertyValueSpecification","valueRequired":true,"valueName":"search_term_string"}}],"inLanguage":"pt-PT"},{"@type":"Organization","@id":"https:\/\/lamegohotel.pt\/pt-pt\/#organization","name":"Lamego Hotel & Life","url":"https:\/\/lamegohotel.pt\/pt-pt\/","logo":{"@type":"ImageObject","inLanguage":"pt-PT","@id":"https:\/\/lamegohotel.pt\/pt-pt\/#\/schema\/logo\/image\/","url":"https:\/\/lamegohotel.pt\/wp-content\/uploads\/2024\/12\/ID_HotelLamegoFinal_Web-16-1.png","contentUrl":"https:\/\/lamegohotel.pt\/wp-content\/uploads\/2024\/12\/ID_HotelLamegoFinal_Web-16-1.png","width":3508,"height":2480,"caption":"Lamego Hotel & Life"},"image":{"@id":"https:\/\/lamegohotel.pt\/pt-pt\/#\/schema\/logo\/image\/"},"sameAs":["https:\/\/www.facebook.com\/lamegohotellife\/","https:\/\/www.instagram.com\/lamegohotellife\/"]}]}},"_links":{"self":[{"href":"https:\/\/lamegohotel.pt\/pt-pt\/wp-json\/wp\/v2\/pages\/22000","targetHints":{"allow":["GET"]}}],"collection":[{"href":"https:\/\/lamegohotel.pt\/pt-pt\/wp-json\/wp\/v2\/pages"}],"about":[{"href":"https:\/\/lamegohotel.pt\/pt-pt\/wp-json\/wp\/v2\/types\/page"}],"author":[{"embeddable":true,"href":"https:\/\/lamegohotel.pt\/pt-pt\/wp-json\/wp\/v2\/users\/1"}],"replies":[{"embeddable":true,"href":"https:\/\/lamegohotel.pt\/pt-pt\/wp-json\/wp\/v2\/comments?post=22000"}],"version-history":[{"count":7,"href":"https:\/\/lamegohotel.pt\/pt-pt\/wp-json\/wp\/v2\/pages\/22000\/revisions"}],"predecessor-version":[{"id":22039,"href":"https:\/\/lamegohotel.pt\/pt-pt\/wp-json\/wp\/v2\/pages\/22000\/revisions\/22039"}],"wp:attachment":[{"href":"https:\/\/lamegohotel.pt\/pt-pt\/wp-json\/wp\/v2\/media?parent=22000"}],"curies":[{"name":"wp","href":"https:\/\/api.w.org\/{rel}","templated":true}]}}