{"id":19657,"date":"2024-12-22T23:23:33","date_gmt":"2024-12-22T23:23:33","guid":{"rendered":"https:\/\/lamegohotel.pt\/passeios-de-um-dia\/"},"modified":"2025-07-23T15:56:45","modified_gmt":"2025-07-23T15:56:45","slug":"day-tours","status":"publish","type":"page","link":"https:\/\/lamegohotel.pt\/pt-pt\/day-tours\/","title":{"rendered":"Day Tours"},"content":{"rendered":"\t\t<div data-elementor-type=\"wp-page\" data-elementor-id=\"19657\" class=\"elementor elementor-19657 elementor-17375\" data-elementor-post-type=\"page\">\n\t\t\t\t        <section class=\"elementor-section elementor-top-section elementor-element elementor-element-bf167aa elementor-section-boxed elementor-section-height-default elementor-section-height-default pxl-section-static-pos-no pxl-section-overflow-hidden-no pxl-container-margin-auto-no\" data-id=\"bf167aa\" data-element_type=\"section\">\n\n                \n                <div class=\"elementor-container elementor-column-gap-default \">\n                <div class=\"elementor-column elementor-col-100 elementor-top-column elementor-element elementor-element-de4b70e col-offset-none pxl-column-element-default pxl-column-overflow-hidden-no\" data-id=\"de4b70e\" data-element_type=\"column\">\r\n        <div class=\"elementor-widget-wrap elementor-element-populated\">\r\n                    \t\t<div class=\"elementor-element elementor-element-439feef elementor-widget elementor-widget-spacer\" data-id=\"439feef\" data-element_type=\"widget\" data-widget_type=\"spacer.default\">\n\t\t\t\t<div class=\"elementor-widget-container\">\n\t\t\t\t\t\t\t<div class=\"elementor-spacer\">\n\t\t\t<div class=\"elementor-spacer-inner\"><\/div>\n\t\t<\/div>\n\t\t\t\t\t\t<\/div>\n\t\t\t\t<\/div>\n\t\t\t\t<div class=\"elementor-element elementor-element-4532918 elementor-widget elementor-widget-heading\" data-id=\"4532918\" data-element_type=\"widget\" data-widget_type=\"heading.default\">\n\t\t\t\t<div class=\"elementor-widget-container\">\n\t\t\t\t\t<h2 class=\"elementor-heading-title elementor-size-default\">Day Tours<\/h2>\t\t\t\t<\/div>\n\t\t\t\t<\/div>\n\t\t\t\t<div class=\"elementor-element elementor-element-01951b7 elementor-widget elementor-widget-spacer\" data-id=\"01951b7\" data-element_type=\"widget\" data-widget_type=\"spacer.default\">\n\t\t\t\t<div class=\"elementor-widget-container\">\n\t\t\t\t\t\t\t<div class=\"elementor-spacer\">\n\t\t\t<div class=\"elementor-spacer-inner\"><\/div>\n\t\t<\/div>\n\t\t\t\t\t\t<\/div>\n\t\t\t\t<\/div>\n\t\t\t\t<div class=\"elementor-element elementor-element-9454639 elementor-widget elementor-widget-text-editor\" data-id=\"9454639\" data-element_type=\"widget\" data-widget_type=\"text-editor.default\">\n\t\t\t\t<div class=\"elementor-widget-container\">\n\t\t\t\t\t\t\t\t\t<p data-pm-slice=\"0 0 []\">Os tours no Douro oferecem uma experi\u00eancia \u00fanica e memor\u00e1vel a todos os que visitam a mais famosa e pitoresca regi\u00e3o vin\u00edcola de Portugal.<br \/><span style=\"color: var( --e-global-color-text ); font-family: var( --e-global-typography-text-font-family ), Sans-serif; font-weight: var( --e-global-typography-text-font-weight ); font-size: var(--body-font-size); letter-spacing: var(--body-letter-spacing);\">Nestas experi\u00eancias ter\u00e1 a oportunidade de descobrir a hist\u00f3ria e a cultura da regi\u00e3o, percorrer as encostas e o rio, e provar excelentes vinhos do Douro <\/span><\/p>\t\t\t\t\t\t\t\t<\/div>\n\t\t\t\t<\/div>\n\t\t\t\t<div class=\"elementor-element elementor-element-076d16b elementor-widget elementor-widget-spacer\" data-id=\"076d16b\" data-element_type=\"widget\" data-widget_type=\"spacer.default\">\n\t\t\t\t<div class=\"elementor-widget-container\">\n\t\t\t\t\t\t\t<div class=\"elementor-spacer\">\n\t\t\t<div class=\"elementor-spacer-inner\"><\/div>\n\t\t<\/div>\n\t\t\t\t\t\t<\/div>\n\t\t\t\t<\/div>\n\t\t                    <\/div>\r\n        <\/div>\r\n        \t\t\t<\/div>\n\t\t<\/section>\n\t\t        <section class=\"elementor-section elementor-top-section elementor-element elementor-element-f4ace9e elementor-section-boxed elementor-section-height-default elementor-section-height-default pxl-section-static-pos-no pxl-section-overflow-hidden-no pxl-container-margin-auto-no\" data-id=\"f4ace9e\" data-element_type=\"section\">\n\n                \n                <div class=\"elementor-container elementor-column-gap-default \">\n                <div class=\"elementor-column elementor-col-50 elementor-top-column elementor-element elementor-element-ea29b44 col-offset-none pxl-column-element-default pxl-column-overflow-hidden-no\" data-id=\"ea29b44\" data-element_type=\"column\">\r\n        <div class=\"elementor-widget-wrap elementor-element-populated\">\r\n                    \t\t<div class=\"elementor-element elementor-element-e5d13f0 pxl-fancybox-layout-2 elementor-widget elementor-widget-pxl_fancy_box\" data-id=\"e5d13f0\" data-element_type=\"widget\" data-widget_type=\"pxl_fancy_box.default\">\n\t\t\t\t<div class=\"elementor-widget-container\">\n\t\t\t\t\t \r\n<div class=\"pxl-fancybox-wrap d-flex text-center layout-2\">\r\n    <div class=\"fancybox-inner relative \">\r\n                    <div class=\"parallax-inner\"   style=\"--pxl-image-bg-parallax-inner: url(https:\/\/lamegohotel.pt\/wp-content\/uploads\/2025\/07\/DSC01359-scaled.jpg)\"><\/div>\r\n                \r\n        <div class=\"inner-wrap\">\r\n                          \r\n            <div class=\"pxl-fancybox-content\">\r\n                                <h3 class=\"title pxl-heading\">\r\n                    Tours Partilhados                <\/h3>\r\n                                                <div class=\"desc\">\r\n                    Viva momentos inesquec\u00edveis no Douro com os nossos passeios partilhados.                  <\/div>\r\n                                <a class=\"pxl-readmore d-inline-flex align-items-center\" href=\"https:\/\/docs.google.com\/forms\/d\/e\/1FAIpQLScQ7dTGH6Qfh-_t5hUcDPNwXPLV9qQf2pxrFV5nFVVVhc0pDw\/viewform\" target=\"_blank\">                    <span class=\"pxl-button-text\">Read More<\/span>\r\n                    <span class=\"pxl-icon pxli-long-arrow-right\"><\/span>\r\n                <\/a>            <\/div> \r\n        <\/div>\r\n        <div class=\"title-bottom\">\r\n                            <h3 class=\"title pxl-heading\">\r\n                    Tours Partilhados                <\/h3>\r\n                    <\/div>\r\n    <\/div>  \r\n<\/div>\r\n \r\n\r\n\r\n\r\n\t\t\t\t<\/div>\n\t\t\t\t<\/div>\n\t\t                    <\/div>\r\n        <\/div>\r\n                <div class=\"elementor-column elementor-col-50 elementor-top-column elementor-element elementor-element-e68f79b col-offset-none pxl-column-element-default pxl-column-overflow-hidden-no\" data-id=\"e68f79b\" data-element_type=\"column\">\r\n        <div class=\"elementor-widget-wrap elementor-element-populated\">\r\n                    \t\t<div class=\"elementor-element elementor-element-619afa3 pxl-fancybox-layout-2 elementor-widget elementor-widget-pxl_fancy_box\" data-id=\"619afa3\" data-element_type=\"widget\" data-widget_type=\"pxl_fancy_box.default\">\n\t\t\t\t<div class=\"elementor-widget-container\">\n\t\t\t\t\t \r\n<div class=\"pxl-fancybox-wrap d-flex text-center layout-2\">\r\n    <div class=\"fancybox-inner relative \">\r\n                    <div class=\"parallax-inner\"   style=\"--pxl-image-bg-parallax-inner: url(https:\/\/lamegohotel.pt\/wp-content\/uploads\/2025\/07\/DSC00959-scaled.jpg)\"><\/div>\r\n                \r\n        <div class=\"inner-wrap\">\r\n                          \r\n            <div class=\"pxl-fancybox-content\">\r\n                                <h3 class=\"title pxl-heading\">\r\n                    Tours Privados                <\/h3>\r\n                                                <div class=\"desc\">\r\n                    Experimente o melhor do Douro com os  tours<br \/>\n privados.                <\/div>\r\n                                <a class=\"pxl-readmore d-inline-flex align-items-center\" href=\"https:\/\/docs.google.com\/forms\/d\/e\/1FAIpQLSdLa6vON5_UxEUsbZBGrMpi5LltTND3WQaGa5yaj2vKmkLKtg\/viewform\" target=\"_blank\">                    <span class=\"pxl-button-text\">Read More<\/span>\r\n                    <span class=\"pxl-icon pxli-long-arrow-right\"><\/span>\r\n                <\/a>            <\/div> \r\n        <\/div>\r\n        <div class=\"title-bottom\">\r\n                            <h3 class=\"title pxl-heading\">\r\n                    Tours Privados                <\/h3>\r\n                    <\/div>\r\n    <\/div>  \r\n<\/div>\r\n \r\n\r\n\r\n\r\n\t\t\t\t<\/div>\n\t\t\t\t<\/div>\n\t\t                    <\/div>\r\n        <\/div>\r\n        \t\t\t<\/div>\n\t\t<\/section>\n\t\t\t\t<\/div>\n\t\t","protected":false},"excerpt":{"rendered":"<p>Day Tours Os tours no Douro oferecem uma experi\u00eancia \u00fanica e memor\u00e1vel a todos os que visitam a mais famosa e pitoresca regi\u00e3o vin\u00edcola de Portugal.Nestas experi\u00eancias ter\u00e1 a oportunidade de descobrir a hist\u00f3ria e a cultura da regi\u00e3o, percorrer as encostas e o rio, e provar excelentes vinhos do Douro Tours Partilhados Viva momentos [&hellip;]<\/p>\n","protected":false},"author":1,"featured_media":0,"parent":0,"menu_order":0,"comment_status":"closed","ping_status":"closed","template":"","meta":{"footnotes":""},"class_list":["post-19657","page","type-page","status-publish","hentry"],"yoast_head":"<!-- This site is optimized with the Yoast SEO plugin v25.4 - https:\/\/yoast.com\/wordpress\/plugins\/seo\/ -->\n<title>Day Tours - Lamego Hotel &amp; Life<\/title>\n<meta name=\"robots\" content=\"index, follow, max-snippet:-1, max-image-preview:large, max-video-preview:-1\" \/>\n<link rel=\"canonical\" href=\"https:\/\/lamegohotel.pt\/pt-pt\/day-tours\/\" \/>\n<meta property=\"og:locale\" content=\"pt_PT\" \/>\n<meta property=\"og:type\" content=\"article\" \/>\n<meta property=\"og:title\" content=\"Day Tours - Lamego Hotel &amp; Life\" \/>\n<meta property=\"og:description\" content=\"Day Tours Os tours no Douro oferecem uma experi\u00eancia \u00fanica e memor\u00e1vel a todos os que visitam a mais famosa e pitoresca regi\u00e3o vin\u00edcola de Portugal.Nestas experi\u00eancias ter\u00e1 a oportunidade de descobrir a hist\u00f3ria e a cultura da regi\u00e3o, percorrer as encostas e o rio, e provar excelentes vinhos do Douro Tours Partilhados Viva momentos [&hellip;]\" \/>\n<meta property=\"og:url\" content=\"https:\/\/lamegohotel.pt\/pt-pt\/day-tours\/\" \/>\n<meta property=\"og:site_name\" content=\"Lamego Hotel &amp; Life\" \/>\n<meta property=\"article:publisher\" content=\"https:\/\/www.facebook.com\/lamegohotellife\/\" \/>\n<meta property=\"article:modified_time\" content=\"2025-07-23T15:56:45+00:00\" \/>\n<meta name=\"twitter:card\" content=\"summary_large_image\" \/>\n<meta name=\"twitter:label1\" content=\"Tempo estimado de leitura\" \/>\n\t<meta name=\"twitter:data1\" content=\"1 minuto\" \/>\n<script type=\"application\/ld+json\" class=\"yoast-schema-graph\">{\"@context\":\"https:\/\/schema.org\",\"@graph\":[{\"@type\":\"WebPage\",\"@id\":\"https:\/\/lamegohotel.pt\/pt-pt\/day-tours\/\",\"url\":\"https:\/\/lamegohotel.pt\/pt-pt\/day-tours\/\",\"name\":\"Day Tours - Lamego Hotel &amp; Life\",\"isPartOf\":{\"@id\":\"https:\/\/lamegohotel.pt\/pt-pt\/#website\"},\"datePublished\":\"2024-12-22T23:23:33+00:00\",\"dateModified\":\"2025-07-23T15:56:45+00:00\",\"breadcrumb\":{\"@id\":\"https:\/\/lamegohotel.pt\/pt-pt\/day-tours\/#breadcrumb\"},\"inLanguage\":\"pt-PT\",\"potentialAction\":[{\"@type\":\"ReadAction\",\"target\":[\"https:\/\/lamegohotel.pt\/pt-pt\/day-tours\/\"]}]},{\"@type\":\"BreadcrumbList\",\"@id\":\"https:\/\/lamegohotel.pt\/pt-pt\/day-tours\/#breadcrumb\",\"itemListElement\":[{\"@type\":\"ListItem\",\"position\":1,\"name\":\"Home\",\"item\":\"https:\/\/lamegohotel.pt\/pt-pt\/home-resort-3\/\"},{\"@type\":\"ListItem\",\"position\":2,\"name\":\"Day Tours\"}]},{\"@type\":\"WebSite\",\"@id\":\"https:\/\/lamegohotel.pt\/pt-pt\/#website\",\"url\":\"https:\/\/lamegohotel.pt\/pt-pt\/\",\"name\":\"Lamego Hotel & Life\",\"description\":\"Lamego Hotel &amp; Life\",\"publisher\":{\"@id\":\"https:\/\/lamegohotel.pt\/pt-pt\/#organization\"},\"potentialAction\":[{\"@type\":\"SearchAction\",\"target\":{\"@type\":\"EntryPoint\",\"urlTemplate\":\"https:\/\/lamegohotel.pt\/pt-pt\/?s={search_term_string}\"},\"query-input\":{\"@type\":\"PropertyValueSpecification\",\"valueRequired\":true,\"valueName\":\"search_term_string\"}}],\"inLanguage\":\"pt-PT\"},{\"@type\":\"Organization\",\"@id\":\"https:\/\/lamegohotel.pt\/pt-pt\/#organization\",\"name\":\"Lamego Hotel & Life\",\"url\":\"https:\/\/lamegohotel.pt\/pt-pt\/\",\"logo\":{\"@type\":\"ImageObject\",\"inLanguage\":\"pt-PT\",\"@id\":\"https:\/\/lamegohotel.pt\/pt-pt\/#\/schema\/logo\/image\/\",\"url\":\"https:\/\/lamegohotel.pt\/wp-content\/uploads\/2024\/12\/ID_HotelLamegoFinal_Web-16-1.png\",\"contentUrl\":\"https:\/\/lamegohotel.pt\/wp-content\/uploads\/2024\/12\/ID_HotelLamegoFinal_Web-16-1.png\",\"width\":3508,\"height\":2480,\"caption\":\"Lamego Hotel & Life\"},\"image\":{\"@id\":\"https:\/\/lamegohotel.pt\/pt-pt\/#\/schema\/logo\/image\/\"},\"sameAs\":[\"https:\/\/www.facebook.com\/lamegohotellife\/\",\"https:\/\/www.instagram.com\/lamegohotellife\/\"]}]}<\/script>\n<!-- \/ Yoast SEO plugin. -->","yoast_head_json":{"title":"Day Tours - Lamego Hotel &amp; Life","robots":{"index":"index","follow":"follow","max-snippet":"max-snippet:-1","max-image-preview":"max-image-preview:large","max-video-preview":"max-video-preview:-1"},"canonical":"https:\/\/lamegohotel.pt\/pt-pt\/day-tours\/","og_locale":"pt_PT","og_type":"article","og_title":"Day Tours - Lamego Hotel &amp; Life","og_description":"Day Tours Os tours no Douro oferecem uma experi\u00eancia \u00fanica e memor\u00e1vel a todos os que visitam a mais famosa e pitoresca regi\u00e3o vin\u00edcola de Portugal.Nestas experi\u00eancias ter\u00e1 a oportunidade de descobrir a hist\u00f3ria e a cultura da regi\u00e3o, percorrer as encostas e o rio, e provar excelentes vinhos do Douro Tours Partilhados Viva momentos [&hellip;]","og_url":"https:\/\/lamegohotel.pt\/pt-pt\/day-tours\/","og_site_name":"Lamego Hotel &amp; Life","article_publisher":"https:\/\/www.facebook.com\/lamegohotellife\/","article_modified_time":"2025-07-23T15:56:45+00:00","twitter_card":"summary_large_image","twitter_misc":{"Tempo estimado de leitura":"1 minuto"},"schema":{"@context":"https:\/\/schema.org","@graph":[{"@type":"WebPage","@id":"https:\/\/lamegohotel.pt\/pt-pt\/day-tours\/","url":"https:\/\/lamegohotel.pt\/pt-pt\/day-tours\/","name":"Day Tours - Lamego Hotel &amp; Life","isPartOf":{"@id":"https:\/\/lamegohotel.pt\/pt-pt\/#website"},"datePublished":"2024-12-22T23:23:33+00:00","dateModified":"2025-07-23T15:56:45+00:00","breadcrumb":{"@id":"https:\/\/lamegohotel.pt\/pt-pt\/day-tours\/#breadcrumb"},"inLanguage":"pt-PT","potentialAction":[{"@type":"ReadAction","target":["https:\/\/lamegohotel.pt\/pt-pt\/day-tours\/"]}]},{"@type":"BreadcrumbList","@id":"https:\/\/lamegohotel.pt\/pt-pt\/day-tours\/#breadcrumb","itemListElement":[{"@type":"ListItem","position":1,"name":"Home","item":"https:\/\/lamegohotel.pt\/pt-pt\/home-resort-3\/"},{"@type":"ListItem","position":2,"name":"Day Tours"}]},{"@type":"WebSite","@id":"https:\/\/lamegohotel.pt\/pt-pt\/#website","url":"https:\/\/lamegohotel.pt\/pt-pt\/","name":"Lamego Hotel & Life","description":"Lamego Hotel &amp; Life","publisher":{"@id":"https:\/\/lamegohotel.pt\/pt-pt\/#organization"},"potentialAction":[{"@type":"SearchAction","target":{"@type":"EntryPoint","urlTemplate":"https:\/\/lamegohotel.pt\/pt-pt\/?s={search_term_string}"},"query-input":{"@type":"PropertyValueSpecification","valueRequired":true,"valueName":"search_term_string"}}],"inLanguage":"pt-PT"},{"@type":"Organization","@id":"https:\/\/lamegohotel.pt\/pt-pt\/#organization","name":"Lamego Hotel & Life","url":"https:\/\/lamegohotel.pt\/pt-pt\/","logo":{"@type":"ImageObject","inLanguage":"pt-PT","@id":"https:\/\/lamegohotel.pt\/pt-pt\/#\/schema\/logo\/image\/","url":"https:\/\/lamegohotel.pt\/wp-content\/uploads\/2024\/12\/ID_HotelLamegoFinal_Web-16-1.png","contentUrl":"https:\/\/lamegohotel.pt\/wp-content\/uploads\/2024\/12\/ID_HotelLamegoFinal_Web-16-1.png","width":3508,"height":2480,"caption":"Lamego Hotel & Life"},"image":{"@id":"https:\/\/lamegohotel.pt\/pt-pt\/#\/schema\/logo\/image\/"},"sameAs":["https:\/\/www.facebook.com\/lamegohotellife\/","https:\/\/www.instagram.com\/lamegohotellife\/"]}]}},"_links":{"self":[{"href":"https:\/\/lamegohotel.pt\/pt-pt\/wp-json\/wp\/v2\/pages\/19657","targetHints":{"allow":["GET"]}}],"collection":[{"href":"https:\/\/lamegohotel.pt\/pt-pt\/wp-json\/wp\/v2\/pages"}],"about":[{"href":"https:\/\/lamegohotel.pt\/pt-pt\/wp-json\/wp\/v2\/types\/page"}],"author":[{"embeddable":true,"href":"https:\/\/lamegohotel.pt\/pt-pt\/wp-json\/wp\/v2\/users\/1"}],"replies":[{"embeddable":true,"href":"https:\/\/lamegohotel.pt\/pt-pt\/wp-json\/wp\/v2\/comments?post=19657"}],"version-history":[{"count":19,"href":"https:\/\/lamegohotel.pt\/pt-pt\/wp-json\/wp\/v2\/pages\/19657\/revisions"}],"predecessor-version":[{"id":22033,"href":"https:\/\/lamegohotel.pt\/pt-pt\/wp-json\/wp\/v2\/pages\/19657\/revisions\/22033"}],"wp:attachment":[{"href":"https:\/\/lamegohotel.pt\/pt-pt\/wp-json\/wp\/v2\/media?parent=19657"}],"curies":[{"name":"wp","href":"https:\/\/api.w.org\/{rel}","templated":true}]}}