{"id":19518,"date":"2024-12-28T13:24:22","date_gmt":"2024-12-28T13:24:22","guid":{"rendered":"https:\/\/lamegohotel.pt\/experiencias\/"},"modified":"2025-04-03T14:06:16","modified_gmt":"2025-04-03T14:06:16","slug":"experiencias","status":"publish","type":"page","link":"https:\/\/lamegohotel.pt\/pt-pt\/experiencias\/","title":{"rendered":"Experi\u00eancias"},"content":{"rendered":"<h2>Experi\u00eancias<\/h2>\n<p data-pm-slice=\"0 0 []\">Deixa-te viver e experimentar as maravilhas que a regi\u00e3o do Douro tem para te oferecer. Vive experi\u00eancias e cria mem\u00f3rias.<\/p>\n<p>\t\t\t<img fetchpriority=\"high\" decoding=\"async\" width=\"500\" height=\"500\" src=\"https:\/\/lamegohotel.pt\/wp-content\/uploads\/2024\/12\/Barco-Rabelo.jpg\" alt=\"\" srcset=\"https:\/\/lamegohotel.pt\/wp-content\/uploads\/2024\/12\/Barco-Rabelo.jpg 500w, https:\/\/lamegohotel.pt\/wp-content\/uploads\/2024\/12\/Barco-Rabelo-300x300.jpg 300w, https:\/\/lamegohotel.pt\/wp-content\/uploads\/2024\/12\/Barco-Rabelo-100x100.jpg 100w\" sizes=\"(max-width: 500px) 100vw, 500px\" \/><br \/>\n\t\t\t\t\t\t\t\t\t\t\t\t\t\t\t<img decoding=\"async\" width=\"500\" height=\"500\" src=\"https:\/\/lamegohotel.pt\/wp-content\/uploads\/2024\/12\/Passeio-Barco-Privado.jpg\" alt=\"\" srcset=\"https:\/\/lamegohotel.pt\/wp-content\/uploads\/2024\/12\/Passeio-Barco-Privado.jpg 500w, https:\/\/lamegohotel.pt\/wp-content\/uploads\/2024\/12\/Passeio-Barco-Privado-300x300.jpg 300w, https:\/\/lamegohotel.pt\/wp-content\/uploads\/2024\/12\/Passeio-Barco-Privado-100x100.jpg 100w, https:\/\/lamegohotel.pt\/wp-content\/uploads\/2024\/12\/elementor\/thumbs\/Passeio-Barco-Privado-300x300.jpg 800w\" sizes=\"(max-width: 500px) 100vw, 500px\" \/><br \/>\n\t\t\t\t\t\t\t\t\t\t\t\t\t\t\t<img decoding=\"async\" width=\"500\" height=\"500\" src=\"https:\/\/lamegohotel.pt\/wp-content\/uploads\/2024\/12\/Moto-quatro.jpg\" alt=\"\" srcset=\"https:\/\/lamegohotel.pt\/wp-content\/uploads\/2024\/12\/Moto-quatro.jpg 500w, https:\/\/lamegohotel.pt\/wp-content\/uploads\/2024\/12\/Moto-quatro-300x300.jpg 300w, https:\/\/lamegohotel.pt\/wp-content\/uploads\/2024\/12\/Moto-quatro-100x100.jpg 100w\" sizes=\"(max-width: 500px) 100vw, 500px\" \/><br \/>\n                    <a><br \/>\n                        Rabelo Boat Ride<br \/>\n                    <\/a><br \/>\n                Enjoy a ride on the Rabelo boat, where the Port wine barrels were once transported.\u200b<br \/>\n\t\t\t\t\t<a href=\"https:\/\/docs.google.com\/forms\/d\/e\/1FAIpQLSd01NmT_3V0ytk1CGHKZVYEjAElYmsSzLuto1_4UTLOkBM2bQ\/viewform\"><br \/>\n\t\t\t\t\t\t\t\t\tClica aqui<br \/>\n\t\t\t\t\t<\/a><br \/>\n                    <a><br \/>\n                        Boat Ride\u200b<br \/>\n                    <\/a><br \/>\n                Take the opportunity to discover the Douro region on a boat ride with Port Wine tasting.<br \/>\n\t\t\t\t\t<a href=\"https:\/\/docs.google.com\/forms\/d\/e\/1FAIpQLSdPQRsfqIaI7Yq3bEkEhH3GTHTlvnxCD9xqOc4A5qVznbrpAA\/viewform\"><br \/>\n\t\t\t\t\t\t\t\t\tClica aqui<br \/>\n\t\t\t\t\t<\/a><br \/>\n                    <a><br \/>\n                        Quad Tour<br \/>\n                    <\/a><br \/>\n                Let yourself be inspired by the beauty of the viewpoints on a private quad tour.<br \/>\n\t\t\t\t\t<a href=\"https:\/\/docs.google.com\/forms\/d\/e\/1FAIpQLSeNtW4IZeW0hkw8-CmTogsM8VlPK0_H6Qe_ItnRTI15aFFAiA\/viewform\"><br \/>\n\t\t\t\t\t\t\t\t\tClica aqui<br \/>\n\t\t\t\t\t<\/a><br \/>\n\t\t\t<img loading=\"lazy\" decoding=\"async\" width=\"500\" height=\"500\" src=\"https:\/\/lamegohotel.pt\/wp-content\/uploads\/2024\/12\/Bicicletas.jpg\" alt=\"\" srcset=\"https:\/\/lamegohotel.pt\/wp-content\/uploads\/2024\/12\/Bicicletas.jpg 500w, https:\/\/lamegohotel.pt\/wp-content\/uploads\/2024\/12\/Bicicletas-300x300.jpg 300w, https:\/\/lamegohotel.pt\/wp-content\/uploads\/2024\/12\/Bicicletas-100x100.jpg 100w\" sizes=\"(max-width: 500px) 100vw, 500px\" \/><br \/>\n\t\t\t\t\t\t\t\t\t\t\t\t\t\t\t<img loading=\"lazy\" decoding=\"async\" width=\"500\" height=\"500\" src=\"https:\/\/lamegohotel.pt\/wp-content\/uploads\/2024\/12\/passeio-a-cavalo.jpg\" alt=\"\" srcset=\"https:\/\/lamegohotel.pt\/wp-content\/uploads\/2024\/12\/passeio-a-cavalo.jpg 500w, https:\/\/lamegohotel.pt\/wp-content\/uploads\/2024\/12\/passeio-a-cavalo-300x300.jpg 300w, https:\/\/lamegohotel.pt\/wp-content\/uploads\/2024\/12\/passeio-a-cavalo-100x100.jpg 100w, https:\/\/lamegohotel.pt\/wp-content\/uploads\/2024\/12\/elementor\/thumbs\/passeio-a-cavalo-300x300.jpg 800w\" sizes=\"(max-width: 500px) 100vw, 500px\" \/><br \/>\n\t\t\t\t\t\t\t\t\t\t\t\t\t\t\t<img loading=\"lazy\" decoding=\"async\" width=\"500\" height=\"500\" src=\"https:\/\/lamegohotel.pt\/wp-content\/uploads\/2024\/12\/Barro.jpg\" alt=\"\" srcset=\"https:\/\/lamegohotel.pt\/wp-content\/uploads\/2024\/12\/Barro.jpg 500w, https:\/\/lamegohotel.pt\/wp-content\/uploads\/2024\/12\/Barro-300x300.jpg 300w, https:\/\/lamegohotel.pt\/wp-content\/uploads\/2024\/12\/Barro-100x100.jpg 100w\" sizes=\"(max-width: 500px) 100vw, 500px\" \/><br \/>\n                    <a><br \/>\n                        Guided Bicycle Trip\u200b<br \/>\n                    <\/a><br \/>\n                Experience all the beauty of the Douro through a guided bike tour through the vineyards<\/p>\n<p>\t\t\t\t\t<a href=\"https:\/\/docs.google.com\/forms\/d\/e\/1FAIpQLSfg62K02snQM-PCoHJZ2goN2nPEtsHi7yY7a1-4yw-Zhbgnhg\/viewform\"><br \/>\n\t\t\t\t\t\t\t\t\tClica aqui<br \/>\n\t\t\t\t\t<\/a><br \/>\n                    <a><br \/>\n                        Horseback Ride<br \/>\n                    <\/a><br \/>\n                Join a two-hour horseback ride accompanied by a guide.<br \/>\n\t\t\t\t\t<a href=\"https:\/\/docs.google.com\/forms\/d\/e\/1FAIpQLSfHiNN_zDC8hzAB2LsD5bBy9Lexp_conNuQ8VdMNeO8aUODbQ\/viewform\"><br \/>\n\t\t\t\t\t\t\t\t\tClica aqui<br \/>\n\t\t\t\t\t<\/a><br \/>\n                    <a><br \/>\n                        Clay Workshop\u200b<br \/>\n                    <\/a><br \/>\n                Let your artistic side flow and participate in the clay workshop.<br \/>\n\t\t\t\t\t<a href=\"https:\/\/docs.google.com\/forms\/d\/e\/1FAIpQLSe-PAbStGC-4qIey6eFh_sM0VriZFx7_UxD4oM3IIpetOmmWQ\/viewform\"><br \/>\n\t\t\t\t\t\t\t\t\tClica aqui<br \/>\n\t\t\t\t\t<\/a><br \/>\n\t\t\t<img loading=\"lazy\" decoding=\"async\" width=\"500\" height=\"500\" src=\"https:\/\/lamegohotel.pt\/wp-content\/uploads\/2024\/12\/Stand-Up-Padle.jpg\" alt=\"\" srcset=\"https:\/\/lamegohotel.pt\/wp-content\/uploads\/2024\/12\/Stand-Up-Padle.jpg 500w, https:\/\/lamegohotel.pt\/wp-content\/uploads\/2024\/12\/Stand-Up-Padle-300x300.jpg 300w, https:\/\/lamegohotel.pt\/wp-content\/uploads\/2024\/12\/Stand-Up-Padle-100x100.jpg 100w\" sizes=\"(max-width: 500px) 100vw, 500px\" \/><br \/>\n\t\t\t\t\t\t\t\t\t\t\t\t\t\t\t<img loading=\"lazy\" decoding=\"async\" width=\"500\" height=\"500\" src=\"https:\/\/lamegohotel.pt\/wp-content\/uploads\/2024\/12\/Canoagem.jpg\" alt=\"\" srcset=\"https:\/\/lamegohotel.pt\/wp-content\/uploads\/2024\/12\/Canoagem.jpg 500w, https:\/\/lamegohotel.pt\/wp-content\/uploads\/2024\/12\/Canoagem-300x300.jpg 300w, https:\/\/lamegohotel.pt\/wp-content\/uploads\/2024\/12\/Canoagem-100x100.jpg 100w, https:\/\/lamegohotel.pt\/wp-content\/uploads\/2024\/12\/elementor\/thumbs\/Canoagem-300x300.jpg 800w\" sizes=\"(max-width: 500px) 100vw, 500px\" \/><br \/>\n\t\t\t\t\t\t\t\t\t\t\t\t\t\t\t<img loading=\"lazy\" decoding=\"async\" width=\"986\" height=\"986\" src=\"https:\/\/lamegohotel.pt\/wp-content\/uploads\/2024\/12\/085bb0b1-6a44-41e2-ac31-7f5dcad18234.avif\" alt=\"\" srcset=\"https:\/\/lamegohotel.pt\/wp-content\/uploads\/2024\/12\/085bb0b1-6a44-41e2-ac31-7f5dcad18234.avif 986w, https:\/\/lamegohotel.pt\/wp-content\/uploads\/2024\/12\/085bb0b1-6a44-41e2-ac31-7f5dcad18234-300x300.avif 300w, https:\/\/lamegohotel.pt\/wp-content\/uploads\/2024\/12\/085bb0b1-6a44-41e2-ac31-7f5dcad18234-768x768.avif 768w, https:\/\/lamegohotel.pt\/wp-content\/uploads\/2024\/12\/085bb0b1-6a44-41e2-ac31-7f5dcad18234-710x710.avif 710w, https:\/\/lamegohotel.pt\/wp-content\/uploads\/2024\/12\/085bb0b1-6a44-41e2-ac31-7f5dcad18234-600x600.avif 600w, https:\/\/lamegohotel.pt\/wp-content\/uploads\/2024\/12\/085bb0b1-6a44-41e2-ac31-7f5dcad18234-100x100.avif 100w\" sizes=\"(max-width: 986px) 100vw, 986px\" \/><br \/>\n                    <a><br \/>\n                        Stand Up Paddle<br \/>\n                    <\/a><br \/>\n                If you like to try new activities and get out of the routine, we advise you to try the stand up paddle board.<br \/>\n\t\t\t\t\t<a href=\"https:\/\/docs.google.com\/forms\/d\/e\/1FAIpQLSdt_XBnt_NCkdMQGa3pphhnSoyzAvn5lhN_IaYnOD40TcHPpQ\/viewform\"><br \/>\n\t\t\t\t\t\t\t\t\tClica aqui<br \/>\n\t\t\t\t\t<\/a><br \/>\n                    <a><br \/>\n                        Canoeing Trip<br \/>\n                    <\/a><br \/>\n                See the beautiful landscapes of the Douro and its hills with a canoe trip on the Douro River.<br \/>\n\t\t\t\t\t<a href=\"https:\/\/docs.google.com\/forms\/d\/e\/1FAIpQLSfM_JuESuScN0IaRZ-5PbLnjjCxwugNVT0qHQvDHfqSUHltgg\/viewform\"><br \/>\n\t\t\t\t\t\t\t\t\tClica aqui<br \/>\n\t\t\t\t\t<\/a><br \/>\n                    <a><br \/>\n                        Hiking<br \/>\n                    <\/a><br \/>\n                Discover the slopes and estates of the Douro, a World Heritage Site, walking among terraced vineyards, breathtaking viewpoints, and landscapes that celebrate the harmony between nature and tradition.<br \/>\n\t\t\t\t\t<a href=\"https:\/\/docs.google.com\/forms\/d\/16tQmuOXzX1rEryXr1HFRErPOEnHEqFZjdBuIP9E006M\/prefill\"><br \/>\n\t\t\t\t\t\t\t\t\tClica aqui<br \/>\n\t\t\t\t\t<\/a><\/p>\n","protected":false},"excerpt":{"rendered":"<p>Experi\u00eancias Deixa-te viver e experimentar as maravilhas que a regi\u00e3o do Douro tem para te oferecer. Vive experi\u00eancias e cria mem\u00f3rias. Rabelo Boat Ride Enjoy a ride on the Rabelo boat, where the Port wine barrels were once transported.\u200b Clica aqui Boat Ride\u200b Take the opportunity to discover the Douro region on a boat ride [&hellip;]<\/p>\n","protected":false},"author":1,"featured_media":0,"parent":0,"menu_order":0,"comment_status":"closed","ping_status":"closed","template":"","meta":{"footnotes":""},"class_list":["post-19518","page","type-page","status-publish","hentry"],"yoast_head":"<!-- This site is optimized with the Yoast SEO plugin v25.4 - https:\/\/yoast.com\/wordpress\/plugins\/seo\/ -->\n<title>Experi\u00eancias - Lamego Hotel &amp; Life<\/title>\n<meta name=\"robots\" content=\"index, follow, max-snippet:-1, max-image-preview:large, max-video-preview:-1\" \/>\n<link rel=\"canonical\" href=\"https:\/\/lamegohotel.pt\/pt-pt\/experiencias\/\" \/>\n<meta property=\"og:locale\" content=\"pt_PT\" \/>\n<meta property=\"og:type\" content=\"article\" \/>\n<meta property=\"og:title\" content=\"Experi\u00eancias - Lamego Hotel &amp; Life\" \/>\n<meta property=\"og:description\" content=\"Experi\u00eancias Deixa-te viver e experimentar as maravilhas que a regi\u00e3o do Douro tem para te oferecer. Vive experi\u00eancias e cria mem\u00f3rias. Rabelo Boat Ride Enjoy a ride on the Rabelo boat, where the Port wine barrels were once transported.\u200b Clica aqui Boat Ride\u200b Take the opportunity to discover the Douro region on a boat ride [&hellip;]\" \/>\n<meta property=\"og:url\" content=\"https:\/\/lamegohotel.pt\/pt-pt\/experiencias\/\" \/>\n<meta property=\"og:site_name\" content=\"Lamego Hotel &amp; Life\" \/>\n<meta property=\"article:publisher\" content=\"https:\/\/www.facebook.com\/lamegohotellife\/\" \/>\n<meta property=\"article:modified_time\" content=\"2025-04-03T14:06:16+00:00\" \/>\n<meta property=\"og:image\" content=\"https:\/\/lamegohotel.pt\/wp-content\/uploads\/2024\/12\/Barco-Rabelo.jpg\" \/>\n<meta name=\"twitter:card\" content=\"summary_large_image\" \/>\n<meta name=\"twitter:label1\" content=\"Tempo estimado de leitura\" \/>\n\t<meta name=\"twitter:data1\" content=\"3 minutos\" \/>\n<script type=\"application\/ld+json\" class=\"yoast-schema-graph\">{\"@context\":\"https:\/\/schema.org\",\"@graph\":[{\"@type\":\"WebPage\",\"@id\":\"https:\/\/lamegohotel.pt\/pt-pt\/experiencias\/\",\"url\":\"https:\/\/lamegohotel.pt\/pt-pt\/experiencias\/\",\"name\":\"Experi\u00eancias - Lamego Hotel &amp; Life\",\"isPartOf\":{\"@id\":\"https:\/\/lamegohotel.pt\/pt-pt\/#website\"},\"primaryImageOfPage\":{\"@id\":\"https:\/\/lamegohotel.pt\/pt-pt\/experiencias\/#primaryimage\"},\"image\":{\"@id\":\"https:\/\/lamegohotel.pt\/pt-pt\/experiencias\/#primaryimage\"},\"thumbnailUrl\":\"https:\/\/lamegohotel.pt\/wp-content\/uploads\/2024\/12\/Barco-Rabelo.jpg\",\"datePublished\":\"2024-12-28T13:24:22+00:00\",\"dateModified\":\"2025-04-03T14:06:16+00:00\",\"breadcrumb\":{\"@id\":\"https:\/\/lamegohotel.pt\/pt-pt\/experiencias\/#breadcrumb\"},\"inLanguage\":\"pt-PT\",\"potentialAction\":[{\"@type\":\"ReadAction\",\"target\":[\"https:\/\/lamegohotel.pt\/pt-pt\/experiencias\/\"]}]},{\"@type\":\"ImageObject\",\"inLanguage\":\"pt-PT\",\"@id\":\"https:\/\/lamegohotel.pt\/pt-pt\/experiencias\/#primaryimage\",\"url\":\"https:\/\/lamegohotel.pt\/wp-content\/uploads\/2024\/12\/Barco-Rabelo.jpg\",\"contentUrl\":\"https:\/\/lamegohotel.pt\/wp-content\/uploads\/2024\/12\/Barco-Rabelo.jpg\"},{\"@type\":\"BreadcrumbList\",\"@id\":\"https:\/\/lamegohotel.pt\/pt-pt\/experiencias\/#breadcrumb\",\"itemListElement\":[{\"@type\":\"ListItem\",\"position\":1,\"name\":\"Home\",\"item\":\"https:\/\/lamegohotel.pt\/pt-pt\/home-resort-3\/\"},{\"@type\":\"ListItem\",\"position\":2,\"name\":\"Experi\u00eancias\"}]},{\"@type\":\"WebSite\",\"@id\":\"https:\/\/lamegohotel.pt\/pt-pt\/#website\",\"url\":\"https:\/\/lamegohotel.pt\/pt-pt\/\",\"name\":\"Lamego Hotel & Life\",\"description\":\"Lamego Hotel &amp; Life\",\"publisher\":{\"@id\":\"https:\/\/lamegohotel.pt\/pt-pt\/#organization\"},\"potentialAction\":[{\"@type\":\"SearchAction\",\"target\":{\"@type\":\"EntryPoint\",\"urlTemplate\":\"https:\/\/lamegohotel.pt\/pt-pt\/?s={search_term_string}\"},\"query-input\":{\"@type\":\"PropertyValueSpecification\",\"valueRequired\":true,\"valueName\":\"search_term_string\"}}],\"inLanguage\":\"pt-PT\"},{\"@type\":\"Organization\",\"@id\":\"https:\/\/lamegohotel.pt\/pt-pt\/#organization\",\"name\":\"Lamego Hotel & Life\",\"url\":\"https:\/\/lamegohotel.pt\/pt-pt\/\",\"logo\":{\"@type\":\"ImageObject\",\"inLanguage\":\"pt-PT\",\"@id\":\"https:\/\/lamegohotel.pt\/pt-pt\/#\/schema\/logo\/image\/\",\"url\":\"https:\/\/lamegohotel.pt\/wp-content\/uploads\/2024\/12\/ID_HotelLamegoFinal_Web-16-1.png\",\"contentUrl\":\"https:\/\/lamegohotel.pt\/wp-content\/uploads\/2024\/12\/ID_HotelLamegoFinal_Web-16-1.png\",\"width\":3508,\"height\":2480,\"caption\":\"Lamego Hotel & Life\"},\"image\":{\"@id\":\"https:\/\/lamegohotel.pt\/pt-pt\/#\/schema\/logo\/image\/\"},\"sameAs\":[\"https:\/\/www.facebook.com\/lamegohotellife\/\",\"https:\/\/www.instagram.com\/lamegohotellife\/\"]}]}<\/script>\n<!-- \/ Yoast SEO plugin. -->","yoast_head_json":{"title":"Experi\u00eancias - Lamego Hotel &amp; Life","robots":{"index":"index","follow":"follow","max-snippet":"max-snippet:-1","max-image-preview":"max-image-preview:large","max-video-preview":"max-video-preview:-1"},"canonical":"https:\/\/lamegohotel.pt\/pt-pt\/experiencias\/","og_locale":"pt_PT","og_type":"article","og_title":"Experi\u00eancias - Lamego Hotel &amp; Life","og_description":"Experi\u00eancias Deixa-te viver e experimentar as maravilhas que a regi\u00e3o do Douro tem para te oferecer. Vive experi\u00eancias e cria mem\u00f3rias. Rabelo Boat Ride Enjoy a ride on the Rabelo boat, where the Port wine barrels were once transported.\u200b Clica aqui Boat Ride\u200b Take the opportunity to discover the Douro region on a boat ride [&hellip;]","og_url":"https:\/\/lamegohotel.pt\/pt-pt\/experiencias\/","og_site_name":"Lamego Hotel &amp; Life","article_publisher":"https:\/\/www.facebook.com\/lamegohotellife\/","article_modified_time":"2025-04-03T14:06:16+00:00","og_image":[{"url":"https:\/\/lamegohotel.pt\/wp-content\/uploads\/2024\/12\/Barco-Rabelo.jpg","type":"","width":"","height":""}],"twitter_card":"summary_large_image","twitter_misc":{"Tempo estimado de leitura":"3 minutos"},"schema":{"@context":"https:\/\/schema.org","@graph":[{"@type":"WebPage","@id":"https:\/\/lamegohotel.pt\/pt-pt\/experiencias\/","url":"https:\/\/lamegohotel.pt\/pt-pt\/experiencias\/","name":"Experi\u00eancias - Lamego Hotel &amp; Life","isPartOf":{"@id":"https:\/\/lamegohotel.pt\/pt-pt\/#website"},"primaryImageOfPage":{"@id":"https:\/\/lamegohotel.pt\/pt-pt\/experiencias\/#primaryimage"},"image":{"@id":"https:\/\/lamegohotel.pt\/pt-pt\/experiencias\/#primaryimage"},"thumbnailUrl":"https:\/\/lamegohotel.pt\/wp-content\/uploads\/2024\/12\/Barco-Rabelo.jpg","datePublished":"2024-12-28T13:24:22+00:00","dateModified":"2025-04-03T14:06:16+00:00","breadcrumb":{"@id":"https:\/\/lamegohotel.pt\/pt-pt\/experiencias\/#breadcrumb"},"inLanguage":"pt-PT","potentialAction":[{"@type":"ReadAction","target":["https:\/\/lamegohotel.pt\/pt-pt\/experiencias\/"]}]},{"@type":"ImageObject","inLanguage":"pt-PT","@id":"https:\/\/lamegohotel.pt\/pt-pt\/experiencias\/#primaryimage","url":"https:\/\/lamegohotel.pt\/wp-content\/uploads\/2024\/12\/Barco-Rabelo.jpg","contentUrl":"https:\/\/lamegohotel.pt\/wp-content\/uploads\/2024\/12\/Barco-Rabelo.jpg"},{"@type":"BreadcrumbList","@id":"https:\/\/lamegohotel.pt\/pt-pt\/experiencias\/#breadcrumb","itemListElement":[{"@type":"ListItem","position":1,"name":"Home","item":"https:\/\/lamegohotel.pt\/pt-pt\/home-resort-3\/"},{"@type":"ListItem","position":2,"name":"Experi\u00eancias"}]},{"@type":"WebSite","@id":"https:\/\/lamegohotel.pt\/pt-pt\/#website","url":"https:\/\/lamegohotel.pt\/pt-pt\/","name":"Lamego Hotel & Life","description":"Lamego Hotel &amp; Life","publisher":{"@id":"https:\/\/lamegohotel.pt\/pt-pt\/#organization"},"potentialAction":[{"@type":"SearchAction","target":{"@type":"EntryPoint","urlTemplate":"https:\/\/lamegohotel.pt\/pt-pt\/?s={search_term_string}"},"query-input":{"@type":"PropertyValueSpecification","valueRequired":true,"valueName":"search_term_string"}}],"inLanguage":"pt-PT"},{"@type":"Organization","@id":"https:\/\/lamegohotel.pt\/pt-pt\/#organization","name":"Lamego Hotel & Life","url":"https:\/\/lamegohotel.pt\/pt-pt\/","logo":{"@type":"ImageObject","inLanguage":"pt-PT","@id":"https:\/\/lamegohotel.pt\/pt-pt\/#\/schema\/logo\/image\/","url":"https:\/\/lamegohotel.pt\/wp-content\/uploads\/2024\/12\/ID_HotelLamegoFinal_Web-16-1.png","contentUrl":"https:\/\/lamegohotel.pt\/wp-content\/uploads\/2024\/12\/ID_HotelLamegoFinal_Web-16-1.png","width":3508,"height":2480,"caption":"Lamego Hotel & Life"},"image":{"@id":"https:\/\/lamegohotel.pt\/pt-pt\/#\/schema\/logo\/image\/"},"sameAs":["https:\/\/www.facebook.com\/lamegohotellife\/","https:\/\/www.instagram.com\/lamegohotellife\/"]}]}},"_links":{"self":[{"href":"https:\/\/lamegohotel.pt\/pt-pt\/wp-json\/wp\/v2\/pages\/19518","targetHints":{"allow":["GET"]}}],"collection":[{"href":"https:\/\/lamegohotel.pt\/pt-pt\/wp-json\/wp\/v2\/pages"}],"about":[{"href":"https:\/\/lamegohotel.pt\/pt-pt\/wp-json\/wp\/v2\/types\/page"}],"author":[{"embeddable":true,"href":"https:\/\/lamegohotel.pt\/pt-pt\/wp-json\/wp\/v2\/users\/1"}],"replies":[{"embeddable":true,"href":"https:\/\/lamegohotel.pt\/pt-pt\/wp-json\/wp\/v2\/comments?post=19518"}],"version-history":[{"count":4,"href":"https:\/\/lamegohotel.pt\/pt-pt\/wp-json\/wp\/v2\/pages\/19518\/revisions"}],"predecessor-version":[{"id":21293,"href":"https:\/\/lamegohotel.pt\/pt-pt\/wp-json\/wp\/v2\/pages\/19518\/revisions\/21293"}],"wp:attachment":[{"href":"https:\/\/lamegohotel.pt\/pt-pt\/wp-json\/wp\/v2\/media?parent=19518"}],"curies":[{"name":"wp","href":"https:\/\/api.w.org\/{rel}","templated":true}]}}